{"id":1860,"date":"2019-01-24T10:24:17","date_gmt":"2019-01-24T09:24:17","guid":{"rendered":"http:\/\/parafia-klemensow.pl\/?page_id=1860"},"modified":"2019-01-24T11:53:02","modified_gmt":"2019-01-24T10:53:02","slug":"kancelaria-parafialna","status":"publish","type":"page","link":"https:\/\/parafia-klemensow.pl\/index.php\/kancelaria-parafialna\/","title":{"rendered":"Kancelaria parafialna"},"content":{"rendered":"\n<p class=\"has-medium-font-size\">Kancelaria czynna od poniedzia\u0142ku do soboty w godz. 17:30-18:00. W \u015bwi\u0119ta nieczynna. <\/p>\n\n\n\n<p class=\"has-medium-font-size\">W sprawach pilnych prosz\u0119 dzwoni\u0107 pod numer 785 891 000.<\/p>\n\n\n\n<p><\/p>\n\n\n\n<p class=\"has-large-font-size\"><br>Dokumenty wymagane przy zg\u0142aszaniu do sakrament\u00f3w i katolickiego pogrzebu<\/p>\n\n\n\n<p class=\"has-large-font-size\"><strong>Chrzest<\/strong><\/p>\n\n\n\n<p><strong>Przy zg\u0142oszeniu nale\u017cy przedstawi\u0107 w Kancelarii Parafialnej:<\/strong><br>1<strong>. <\/strong>Akt urodzenia dziecka z USC<br>2. Akt \u015blubu ko\u015bcielnego rodzic\u00f3w &#8211; je\u017celi \u015blub zawierali w innej Parafii<br>3. Dane rodzic\u00f3w chrzestnych (imiona, adres, wiek)<br><br>Rodzicami chrzestnymi mog\u0105 by\u0107:<br>&#8211; wierz\u0105cy i praktykuj\u0105cy katolicy po uko\u0144czeniu 16 roku \u017cycia<br>&#8211; bierzmowani<br>&#8211; ma\u0142\u017conkowie po zawarciu \u015blubu ko\u015bcielnego<br>&#8211; uczniowie szk\u00f3\u0142 \u015brednich &#8211; ucz\u0119szczaj\u0105cy na religi\u0119<br><br><strong>Rodzice Chrzestni, kt\u00f3rzy mieszkaj\u0105 w innej Parafii winni dostarczy\u0107 przed chrztem dziecka za\u015bwiadczenie ze swojej Parafii, \u017ce mog\u0105 nimi by\u0107.<\/strong><\/p>\n\n\n\n<p><\/p>\n\n\n\n<p class=\"has-large-font-size\"><br><strong>Ma\u0142\u017ce\u0144stwo<\/strong><\/p>\n\n\n\n<p><strong>Sakrament ma\u0142\u017ce\u0144stwa mo\u017ce zawrze\u0107 m\u0119\u017cczyzna i kobieta, kt\u00f3rzy:<\/strong><br>&#8211; maj\u0105 odpowiedni wiek (sko\u0144czone 18 lat)<br>&#8211; s\u0105 stanu wolnego<br>&#8211; dobrowolnie decyduj\u0105 si\u0119 na zawarcie ma\u0142\u017ce\u0144stwa<br>&#8211; nie maj\u0105 przeszk\u00f3d do wa\u017cnego zawarcia ma\u0142\u017ce\u0144stwa (np. pokrewie\u0144stwo, zatajenie powa\u017cnej choroby czy innych powa\u017cnych okoliczno\u015bci)<br>&#8211; s\u0105 odpowiednio przygotowani<\/p>\n\n\n\n<p><strong>Narzeczeni winni zg\u0142osi\u0107 si\u0119 osobi\u015bcie w Kancelarii Parafii narzeczonej lub narzeczonego przynajmniej  na 3 miesi\u0105ce przed \u015blubem.<\/strong><br><strong><br><br>Nale\u017cy przedstawi\u0107:<\/strong><br>&#8211; metryki chrztu \u015bw. wa\u017cne do 6 miesi\u0119cy\u00a0(jest\u00a0w\u00a0nim\u00a0adnotacja\u00a0o\u00a0przyj\u0119ciu\u00a0bierzmowania)<br>&#8211; za\u015bwiadczenie z USC o braku przeszk\u00f3d do zawarcia ma\u0142\u017ce\u0144stwa (tzw. \u015blub konkordatowy) lub dokument z USC o zawarciu \u015blubu cywilnego (\u015blub niekonkordatowy)<br>&#8211; dowody osobiste<br>&#8211; ostatnie \u015bwiadectwo z religii (szko\u0142a \u015brednia lub zawodowa)<br>&#8211;\u00a0za\u015bwiadczenie\u00a0o\u00a0uko\u0144czeniu\u00a0nauk\u00a0przedma\u0142\u017ce\u0144skich\u00a0(je\u017celi\u00a0s\u0105\u00a0ju\u017c\u00a0uko\u0144czone)<br>&#8211; wdowcy: &#8211; metryk\u0119 zgonu wsp\u00f3\u0142ma\u0142\u017conka<br>&#8211; w przypadku os\u00f3b, kt\u00f3re nie nale\u017c\u0105 do naszej parafii potrzebne jest pozwolenie od proboszcza miejsca zamieszkania narzeczonej lub narzeczonego. <br><\/p>\n\n\n\n<p><\/p>\n\n\n\n<p class=\"has-large-font-size\"><br><strong>Pogrzeb katolicki<\/strong><\/p>\n\n\n\n<p>W Kancelarii Parafialnej nale\u017cy przedstawi\u0107:<br>&#8211; odpis aktu zgonu z USC<br>&#8211; dane personalne zmar\u0142ego<br>&#8211; za\u015bwiadczenie o zaopatrzeniu Sakramentami \u015awi\u0119tymi (je\u017celi udziela\u0142 kap\u0142an nie z terenu parafii)<\/p>\n\n\n\n<p class=\"has-large-font-size\"><br><strong>Bierzmowanie<\/strong><\/p>\n\n\n\n<p>W sprawach dotycz\u0105cych bierzmowania nale\u017cy skontaktowa\u0107 si\u0119 z ks. wikariuszem.<\/p>\n\n\n\n<p><\/p>\n\n\n<h2><br \/><strong>Przynale\u017cno\u015b\u0107 do parafii<\/strong><!--StartFragment--><\/h2>\n\n\n<p>Przynale\u017cno\u015b\u0107 do parafii nabywa si\u0119 przez zamieszkanie, a nie przez zameldowanie w USC. Przynale\u017cno\u015b\u0107 do parafii nabywa si\u0119 poprzez sta\u0142e zamieszkanie na jej terenie przez przynajmniej trzy miesi\u0105ce, m\u00f3wi o tym Kodeks Prawa Kanonicznego: <\/p>\n\n\n\n<blockquote class=\"wp-block-quote is-layout-flow wp-block-quote-is-layout-flow\"><p> Kan. 102 \u2013 \u00a7 1. Zamieszkanie sta\u0142e nabywa si\u0119 takim przebywaniem na terytorium jakiej\u015b parafii lub przynajmniej diecezji, kt\u00f3re albo jest po\u0142\u0105czone z zamiarem pozostania tam na sta\u0142e, je\u015bli nic stamt\u0105d nie odwo\u0142a, albo trwa\u0142o przez pe\u0142nych pi\u0119\u0107 lat.<br>\u00a7 2. Tymczasowe zamieszkanie nabywa si\u0119 przez takie przebywanie na terenie jakiej\u015b parafii lub przynajmniej diecezji, kt\u00f3re albo jest po\u0142\u0105czone z zamiarem pozostania tam przynajmniej przez trzy miesi\u0105ce, je\u015bli nic stamt\u0105d nie odwo\u0142a, albo przed\u0142u\u017cy\u0142o si\u0119 rzeczywi\u015bcie do trzech miesi\u0119cy. <\/p><\/blockquote>\n\n\n<p><!--EndFragment--><br \/><br \/><\/p>","protected":false},"excerpt":{"rendered":"<p>Kancelaria czynna od poniedzia\u0142ku do soboty w godz. 17:30-18:00. W \u015bwi\u0119ta nieczynna. W sprawach pilnych prosz\u0119 dzwoni\u0107 pod numer 785 891 000. [&hellip;]<\/p>\n","protected":false},"author":5,"featured_media":0,"parent":0,"menu_order":0,"comment_status":"closed","ping_status":"closed","template":"","meta":{"footnotes":""},"class_list":["post-1860","page","type-page","status-publish","hentry"],"wppr_data":{"cwp_meta_box_check":"No"},"_links":{"self":[{"href":"https:\/\/parafia-klemensow.pl\/index.php\/wp-json\/wp\/v2\/pages\/1860","targetHints":{"allow":["GET"]}}],"collection":[{"href":"https:\/\/parafia-klemensow.pl\/index.php\/wp-json\/wp\/v2\/pages"}],"about":[{"href":"https:\/\/parafia-klemensow.pl\/index.php\/wp-json\/wp\/v2\/types\/page"}],"author":[{"embeddable":true,"href":"https:\/\/parafia-klemensow.pl\/index.php\/wp-json\/wp\/v2\/users\/5"}],"replies":[{"embeddable":true,"href":"https:\/\/parafia-klemensow.pl\/index.php\/wp-json\/wp\/v2\/comments?post=1860"}],"version-history":[{"count":7,"href":"https:\/\/parafia-klemensow.pl\/index.php\/wp-json\/wp\/v2\/pages\/1860\/revisions"}],"predecessor-version":[{"id":1870,"href":"https:\/\/parafia-klemensow.pl\/index.php\/wp-json\/wp\/v2\/pages\/1860\/revisions\/1870"}],"wp:attachment":[{"href":"https:\/\/parafia-klemensow.pl\/index.php\/wp-json\/wp\/v2\/media?parent=1860"}],"curies":[{"name":"wp","href":"https:\/\/api.w.org\/{rel}","templated":true}]}}