{"id":1875,"date":"2019-01-24T11:57:04","date_gmt":"2019-01-24T10:57:04","guid":{"rendered":"http:\/\/parafia-klemensow.pl\/?page_id=1875"},"modified":"2019-02-13T21:19:33","modified_gmt":"2019-02-13T20:19:33","slug":"ruch-swiatlo-zycie","status":"publish","type":"page","link":"https:\/\/parafia-klemensow.pl\/index.php\/ruch-swiatlo-zycie\/","title":{"rendered":"Ruch \u015awiat\u0142o-\u017bycie"},"content":{"rendered":"\n<p>W naszej parafii funkcjonuj\u0105 dwie wsp\u00f3lnoty w ramach Ruchu \u015awiat\u0142o \u017bycie: Oaza M\u0142odzie\u017cowa oraz Oaza Dzieci Bo\u017cych. <\/p>\n\n\n\n<p><strong>Spotkania Oazy Dzieci Bo\u017cych maj\u0105 miejsce w ka\u017cd\u0105 niedziel\u0119 o godz. 11:00. Zapraszamy!<\/strong><\/p>\n\n\n\n<p><\/p>\n\n\n\n<p><strong>Troch\u0119\u00a0historii&#8230;<\/strong><\/p>\n\n\n\n<p>Pierwsz\u0105 wakacyjn\u0105 oaz\u0119 zorganizowa\u0142 ks.\u00a0Franciszek Blachnicki, za\u0142o\u017cyciel ruchu oazowego, w\u00a01954\u00a0r. w\u00a0Biblieli ko\u0142o Tarnowskich G\u00f3r. Natomiast pierwsze rekolekcje oazowe na terenie dawnej Diecezji Lubelskiej odby\u0142y si\u0119 w 1973 r. w Klemensowie.<\/p>\n\n\n\n<p>Od\u00a0pocz\u0105tku ruch oazowy nie mia\u0142 jednak ogranicza\u0107 si\u0119 tylko do\u00a0wyjazd\u00f3w wakacyjnych. W\u00a0za\u0142o\u017ceniu wyjazdy te mia\u0142y by\u0107 ukoronowaniem, podsumowaniem czy kolejnym etapem formacji. Tak jest do\u00a0dzi\u015b. Nie ka\u017cdy mo\u017ce pojecha\u0107 na\u00a0oaz\u0119 z\u00a0marszu, a\u00a0przynajmniej nie na\u00a0ka\u017cdy jej stopie\u0144 (rekolekcje s\u0105 podzielone w\u00a0zale\u017cno\u015bci od\u00a0wieku i\u00a0zaawansowania uczestnik\u00f3w na\u00a0stopnie). Oaza rekolekcyjna (wakacyjna) jest wa\u017cnym elementem ca\u0142orocznej pracy formacyjnej, kt\u00f3r\u0105 uczestnicy ruchu \u015awiat\u0142o-\u017bycie realizuj\u0105 w\u00a0ci\u0105gu roku w\u00a0grupach funkcjonuj\u0105cych w\u00a0parafiach.<\/p>\n\n\n\n<p>Rekolekcje oazowe trwaj\u0105 najcz\u0119\u015bciej\npi\u0119tna\u015bcie dni (poza niekt\u00f3rymi rekolekcjami dla dzieci). Dlaczego tyle?\nTo&nbsp;proste. W&nbsp;czasach formowania si\u0119 struktury rekolekcji tyle by\u0142o\ntajemnic r\u00f3\u017ca\u0144ca. Ka\u017cdy dzie\u0144 rekolekcji to&nbsp;jedna, kolejna tajemnica.<\/p>\n\n\n\n<p>Rekolekcje wakacyjne s\u0105 prowadzone metod\u0105\nprze\u017cyciow\u0105. Wa\u017cnym elementem jest tzw. codzienna wyprawa otwartych oczu czy\nmetoda rewizji \u017cycia. Polega ona na&nbsp;tym, \u017ce&nbsp;konkretne fakty czy\nwydarzenia WIDZ\u0118, OS\u0104DZAM w&nbsp;\u015bwietle Ewangelii i&nbsp;nauki Ko\u015bcio\u0142a\ni&nbsp;potem zgodnie z&nbsp;t\u0105 nauk\u0105 DZIA\u0141AM. Wiara jest czym\u015b wa\u017cnym\npriorytetowym w&nbsp;\u017cyciu, a&nbsp;co za&nbsp;tym idzie du\u017c\u0105 wag\u0119 przywi\u0105zuje\nsi\u0119 do&nbsp;liturgii i&nbsp;codziennego uczestnictwa w&nbsp;Eucharystii.\nW&nbsp;czasie wakacyjnych rekolekcji Msza \u015bw.&nbsp;jest najwa\u017cniejszym punktem\ndnia.<\/p>\n","protected":false},"excerpt":{"rendered":"<p>W naszej parafii funkcjonuj\u0105 dwie wsp\u00f3lnoty w ramach Ruchu \u015awiat\u0142o \u017bycie: Oaza M\u0142odzie\u017cowa oraz Oaza Dzieci Bo\u017cych. Spotkania Oazy Dzieci Bo\u017cych maj\u0105 [&hellip;]<\/p>\n","protected":false},"author":5,"featured_media":0,"parent":0,"menu_order":0,"comment_status":"closed","ping_status":"closed","template":"","meta":{"footnotes":""},"class_list":["post-1875","page","type-page","status-publish","hentry"],"wppr_data":{"cwp_meta_box_check":"No"},"_links":{"self":[{"href":"https:\/\/parafia-klemensow.pl\/index.php\/wp-json\/wp\/v2\/pages\/1875","targetHints":{"allow":["GET"]}}],"collection":[{"href":"https:\/\/parafia-klemensow.pl\/index.php\/wp-json\/wp\/v2\/pages"}],"about":[{"href":"https:\/\/parafia-klemensow.pl\/index.php\/wp-json\/wp\/v2\/types\/page"}],"author":[{"embeddable":true,"href":"https:\/\/parafia-klemensow.pl\/index.php\/wp-json\/wp\/v2\/users\/5"}],"replies":[{"embeddable":true,"href":"https:\/\/parafia-klemensow.pl\/index.php\/wp-json\/wp\/v2\/comments?post=1875"}],"version-history":[{"count":3,"href":"https:\/\/parafia-klemensow.pl\/index.php\/wp-json\/wp\/v2\/pages\/1875\/revisions"}],"predecessor-version":[{"id":1941,"href":"https:\/\/parafia-klemensow.pl\/index.php\/wp-json\/wp\/v2\/pages\/1875\/revisions\/1941"}],"wp:attachment":[{"href":"https:\/\/parafia-klemensow.pl\/index.php\/wp-json\/wp\/v2\/media?parent=1875"}],"curies":[{"name":"wp","href":"https:\/\/api.w.org\/{rel}","templated":true}]}}