{"id":1879,"date":"2019-01-24T11:58:33","date_gmt":"2019-01-24T10:58:33","guid":{"rendered":"http:\/\/parafia-klemensow.pl\/?page_id=1879"},"modified":"2019-08-28T11:50:06","modified_gmt":"2019-08-28T09:50:06","slug":"kola-zywego-rozanca","status":"publish","type":"page","link":"https:\/\/parafia-klemensow.pl\/index.php\/kola-zywego-rozanca\/","title":{"rendered":"Ko\u0142a \u017bywego R\u00f3\u017ca\u0144ca"},"content":{"rendered":"\n<p>W naszej parafii dzia\u0142aj\u0105 Ko\u0142a R\u00f3\u017ca\u0144cowe dla doros\u0142ych oraz Ko\u0142a R\u00f3\u017ca\u0144cowe rodzic\u00f3w modl\u0105cych si\u0119 w intencji dzieci<\/p>\n\n\n\n<h3 class=\"wp-block-heading\">By\u0107 p\u0142atkiem w R\u00f3\u017cy R\u00f3\u017ca\u0144cowej&#8230;<\/h3>\n\n\n\n<p><strong><em>\u201ePi\u0119tna\u015bcie\nw\u0119gli..: Jeden p\u0142onie, trzy lub cztery tl\u0105 si\u0119 zaledwie, pozosta\u0142e s\u0105 zimne &#8211;\nale zbierzcie je razem, a wybuchn\u0105 ogniem!. Oto w\u0142a\u015bciwy charakter \u017bywego\nR\u00f3\u017ca\u0144ca\u201d<\/em><\/strong><em>&nbsp;(Paulina Jaricot).<\/em><\/p>\n\n\n\n<div class=\"wp-block-image\"><figure class=\"aligncenter\"><img decoding=\"async\" src=\"http:\/\/wydawnictwo.net.pl\/images\/okladka\/200\/0\/0\/400\/0\/476.jpg\" alt=\"http:\/\/rozaniec.maryjni.pl\/img\/strona_00_22_img1.jpg\"\/><figcaption>http:\/\/wydawnictwo.net.pl\/images\/okladka\/200\/0\/0\/400\/0\/476.jpg<\/figcaption><\/figure><\/div>\n\n\n\n<p><em>r<\/em><\/p>\n\n\n\n<p><strong><em>Czym\njest R\u00f3\u017caniec Rodzic\u00f3w?<\/em><\/strong><em><br>\n<br>\n<\/em><\/p>\n\n\n\n<p>To\nwsp\u00f3lnotowa modlitwa rodzic\u00f3w w intencji dzieci na r\u00f3\u017ca\u0144cu, przy czym ka\u017cdy z\nrodzic\u00f3w odmawia tylko jedn\u0105 dziesi\u0105tk\u0119 r\u00f3\u017ca\u0144ca.<\/p>\n\n\n\n<p><strong><em>Po co\ntaka modlitwa?<\/em><\/strong><em><br>\n<br>\n<\/em><\/p>\n\n\n\n<p>Jako rodzice\npragniemy, aby nasze dzieci by\u0142y szcz\u0119\u015bliwe. Dbamy o ich rozw\u00f3j intelektualny,\nduchowy i fizyczny. Zdajemy sobie jednak spraw\u0119 z naszej ograniczono\u015bci i\nogromu z\u0142a, jakie nas otacza: narkomania, alkoholizm, pornografia, rozboje,\nokultyzm, sekty&#8230;, mo\u017cna wymienia\u0107 w niesko\u0144czono\u015b\u0107! Niestety, cz\u0119sto s\u0105 to\nnie tylko zagro\u017cenia zewn\u0119trzne, ale r\u00f3wnie\u017c trudna sytuacja w naszych\nrodzinach. Co zrobi\u0107 aby przerwa\u0107 ten \u0142a\u0144cuch z\u0142a? Sami z siebie nic nie mo\u017cemy\nuczyni\u0107! Zawierzmy wi\u0119c nasze dzieci, rodziny i nas samych Panu Jezusowi przez\nr\u0119ce Jego Matki. Jak to zrobi\u0107? Jednym ze sposob\u00f3w jest R\u00f3\u017caniec Rodzic\u00f3w.<br><\/p>\n\n\n\n<p><strong><em>Sk\u0105d\npomys\u0142 na tak\u0105 modlitw\u0119 i jak j\u0105 odmawia\u0107?<\/em><\/strong><br>\n<br>\n<\/p>\n\n\n\n<p>R\u00f3\u017caniec\nRodzic\u00f3w jest owocem rekolekcji wsp\u00f3lnoty z nurtu Odnowy w Duchu \u015awi\u0119tym z Gda\u0144ska.\nRodzice po\u0142\u0105czyli si\u0119 w 20 osobowe grupy i zacz\u0119li odmawia\u0107 r\u00f3\u017caniec w intencji\nswoich dzieci. Ka\u017cdy z rodzic\u00f3w odmawia codziennie jedn\u0105 dziesi\u0105tk\u0119 r\u00f3\u017ca\u0144ca,\nrozwa\u017caj\u0105c przez miesi\u0105c konkretn\u0105 tajemnic\u0119. Pierwszego dnia miesi\u0105ca\nnast\u0119puje zmiana tajemnic. Nie uczestniczymy w \u017cadnych zebraniach czy te\u017c\nspotkaniach, a&nbsp;<strong>dziesi\u0105tk\u0119 r\u00f3\u017ca\u0144ca odmawiamy w czasie i miejscu<\/strong>&nbsp;<strong>najbardziej\ndogodnym dla nas<\/strong>. Codziennie powierzamy Bogu przez r\u0119ce Maryi nasze dzieci\ni dzieci pozosta\u0142ych 19 rodzic\u00f3w. W ten spos\u00f3b za ka\u017cde z dzieci odmawiany jest\nca\u0142y r\u00f3\u017caniec.<br>\n<br>\n<\/p>\n\n\n\n<p><strong><em>Co daje\nmodlitwa R\u00f3\u017ca\u0144cem Rodzic\u00f3w?<\/em><\/strong><br>\n<br>\n<\/p>\n\n\n\n<p>\u015awiadomo\u015b\u0107\ntej wsp\u00f3lnej modlitwy i opieki Bo\u017cej nad dzieckiem daje rodzicom nies\u0142ychany\nspok\u00f3j. Modlitwa ta cz\u0119sto uwalnia od l\u0119k\u00f3w o dziecko, o jego bezpiecze\u0144stwo\nteraz i w przysz\u0142o\u015bci. Dotyczy to zw\u0142aszcza matek, a ojcom pozwala na uzyskanie\nw\u0142a\u015bciwej relacji w stosunku do dziecka i okazanie mi\u0142o\u015bci. Modlitw\u0105 obejmujemy\nnasze dzieci, ale modlitwa ta uzdrawia r\u00f3wnie\u017c relacje w naszych rodzinach.\nPozw\u00f3lmy Panu Jezusowi na dotkni\u0119cie ka\u017cdej naszej rodziny i uleczenie jej. Pan\nJezus nie odmawia \u017cadnej naszej pro\u015bbie, zanoszonej do Niego przez r\u0119ce Jego\nMatki.<\/p>\n\n\n\n<p><strong><em>Jak\nwielu rodzic\u00f3w modli si\u0119 w ten spos\u00f3b?<\/em><\/strong><br>\n<br>\n<\/p>\n\n\n\n<p>Obecnie\nistnieje oko\u0142o 2000 r\u00f3\u017c (tak w tradycyjnej nomenklaturze nazywamy 20 osobowe\ngrupy rodzic\u00f3w) co oznacza, \u017ce codziennie 40.000 rodzic\u00f3w modli si\u0119 za swoje\ndzieci na r\u00f3\u017ca\u0144cu.<\/p>\n\n\n\n<p>R\u00f3wnie\u017c\nprzy naszej parafii rodzice modl\u0105 si\u0119 R\u00f3\u017ca\u0144cem Rodzic\u00f3w. Istnieje ju\u017c jedna\npe\u0142na r\u00f3\u017ca, a do kolejnej przyst\u0119puj\u0105 nowi rodzice. Co wa\u017cne, nie s\u0105 to rodzice\nwy\u0142\u0105cznie z naszej parafii, ale r\u00f3wnie\u017c nasi przyjaciele, krewni i znajomi\nmieszkaj\u0105cy na terenie ca\u0142ej Polski.<\/p>\n\n\n\n<p><strong><em>Dlaczego\nrodzice l\u0119kaj\u0105 si\u0119 przyst\u0105pienia do R\u00f3\u017ca\u0144ca Rodzic\u00f3w?<\/em><\/strong><br>\n<br>\n<\/p>\n\n\n\n<p>\u2013&nbsp;<em>To jest\nzbyt du\u017ca odpowiedzialno\u015b\u0107, co stanie si\u0119 je\u017celi zapomn\u0119 albo inne obowi\u0105zki\nnie pozwol\u0105 mi na odm\u00f3wienie tej dziesi\u0105tki r\u00f3\u017ca\u0144ca?<\/em><\/p>\n\n\n\n<p>Odm\u00f3wienie\njednej dziesi\u0105tki r\u00f3\u017ca\u0144ca zajmuje tylko 4 minuty. Mo\u017cna j\u0105 odm\u00f3wi\u0107 w drodze do\nlub z pracy, mo\u017cna j\u0105 odm\u00f3wi\u0107 w autobusie, w czasie przygotowywania posi\u0142ku, a\nje\u017celi zapomn\u0119 to te\u017c nic si\u0119 nie stanie. Mog\u0119 tylko zyska\u0107 modlitw\u0119 innych 19\nrodzic\u00f3w w intencji moich dzieci.<\/p>\n\n\n\n<p>\u2013&nbsp;<em>Nie mam czasu!<br>\n<br>\n<\/em><\/p>\n\n\n\n<p>Czas\njest darem Pana Boga dla nas. Je\u017celi Mu zawierzymy, On sam da nam te 4 minuty. Do\u015bwiadczaj\u0105\ntego wszyscy rodzice, kt\u00f3rzy przyst\u0105pili do R\u00f3\u017ca\u0144ca Rodzic\u00f3w. Tym bardziej, \u017ce\ndziesi\u0105tk\u0119 r\u00f3\u017ca\u0144ca odmawiamy w czasie i miejscu najbardziej dogodnym dla nas.<br>\n<br>\n\u2013&nbsp;<em>Modl\u0119 si\u0119 sam na r\u00f3\u017ca\u0144cu za swoje dzieci i odmawiam\nnie tylko dziesi\u0105tk\u0119 ale ca\u0142y r\u00f3\u017caniec.<br>\n<br>\n<\/em><\/p>\n\n\n\n<p>Nale\u017cy\ndzi\u0119kowa\u0107 Panu, \u017ce udzieli\u0142 rodzicowi takiej \u0142aski. Pan Jezus<br>\npowiedzia\u0142 r\u00f3wnie\u017c: \u201eGdzie dwaj albo trzej zgromadzeni s\u0105 w Imi\u0119 Moje, tam Ja\nJestem po\u015br\u00f3d nich\u201d. Pan Jezus pragnie aby\u015bmy modlili si\u0119 we wsp\u00f3lnocie. O ile\u017c\ng\u0142o\u015bniejsze jest wo\u0142anie 40 tysi\u0119cy rodzic\u00f3w ani\u017celi tylko jednego.<\/p>\n\n\n\n<p><strong><em>Daj dzieciom to, co\nnajlepsze !!!<\/em><\/strong><em><br>\nartyku\u0142 pochodzi z \u201eGo\u015bcia Niedzielnego\u201d:<br>\n<br>\n<\/em><em><br>\n<br>\n<\/em><strong><em><\/em><\/strong><\/p>\n\n\n\n<p><strong><em>R\u00f3\u017caniec\nRodzic\u00f3w<\/em><\/strong><br>\n<br>\n<\/p>\n\n\n\n<p><em>Cztery minuty dziennie &#8211;&nbsp;tyle czasu\npotrzeba na odm\u00f3wienie dziesi\u0105tki R\u00f3\u017ca\u0144ca za swoje dzieci i dzieci wszystkich\nmodl\u0105cych si\u0119. To prawdziwy szturm nieba w intencji naszego potomstwa.<br>\n<br>\n<\/em><\/p>\n\n\n\n<p><strong><em>&#8222;Ma\u0142o modli si\u0119 ten, co przywyk\u0142\nmodli\u0107 si\u0119 tylko wtedy, gdy kl\u0119czy&#8221;&nbsp;<\/em><\/strong><em>&#8211;&nbsp;mawia\u0142\n\u015bw. Jan Kasjan.<br>\n<br>\n<\/em><\/p>\n\n\n\n<p><em>Rodzice modl\u0105 si\u0119 za swoje dzieci w\nmetrze, stoj\u0105c samochodem w korku, przy desce do prasowania i w czasie przerwy\nw pracy. Codziennie dziesi\u0105tka r\u00f3\u017ca\u0144ca. Dziesi\u0105tka do dziesi\u0105tki i tak p\u0142ynie w\ng\u00f3r\u0119 nieustanna modlitwa r\u00f3\u017ca\u0144cowa rodzic\u00f3w. Za chrze\u015bniak\u00f3w, zi\u0119ci\u00f3w i synowe.<br>\nR\u00f3\u017caniec Rodzic\u00f3w za Dzieci powsta\u0142 dziewi\u0119\u0107 lat temu, w czasie rekolekcji\nwsp\u00f3lnoty modlitewno-ewangelizacyjnej MARANA THA z Gda\u0144ska. Oparty jest na\nzasadzie K\u00f3\u0142 \u017bywego R\u00f3\u017ca\u0144ca. Rodzice tworz\u0105 dwudziestoosobowe &#8222;r\u00f3\u017ce&#8221;,\nz kt\u00f3rych ka\u017cda ma swojego animatora, a w niebie &#8211;&nbsp;patrona. Cz\u0142onkowie\nr\u00f3\u017cy nie musz\u0105 zna\u0107 si\u0119 osobi\u015bcie, wa\u017cne, \u017ce codziennie modl\u0105 si\u0119 za swoje\ndzieci oraz dzieci wszystkich cz\u0142onk\u00f3w ich ko\u0142a. Intencje obejmuj\u0105 r\u00f3wnie\u017c\ndzieci adoptowane, chrze\u015bniak\u00f3w oraz zi\u0119ci\u00f3w i synowe. Ka\u017cda osoba wst\u0119puj\u0105ca\ndo r\u00f3\u017cy otrzymuje akt zawierzenia, kt\u00f3ry odmawia przy przyst\u0105pieniu do\nmodlitwy.<br>\n<br>\n<\/em><\/p>\n\n\n\n<p><em>Jak w \u017cywym R\u00f3\u017ca\u0144cu, tak\u017ce tutaj co\nmiesi\u0105c cz\u0142onkowie wymieniaj\u0105 si\u0119 tajemnicami,<br>\n<br>\n<\/em><\/p>\n\n\n\n<p><em>rozwa\u017caj\u0105c \u017cycie Maryi i Jezusa. R\u00f3\u017caniec\nRodzic\u00f3w ma konkretne intencje: o ochron\u0119 dzieci przed z\u0142ymi skutkami grzech\u00f3w\nrodzic\u00f3w; o pe\u0142ni\u0119 b\u0142ogos\u0142awie\u0144stwa Bo\u017cego; o uzdrowienie przyczyn grzech\u00f3w\nrodzic\u00f3w i w \u015brodowisku, kt\u00f3rych skutki mog\u0105 dosi\u0119gn\u0105\u0107 dzieci; o rozw\u00f3j tej\nformy modlitwy; oraz za Ojca \u015awi\u0119tego i Ko\u015bci\u00f3\u0142.<br>\n<br>\n<\/em><\/p>\n\n\n\n<p><strong><em>Jak przyst\u0105pi\u0107 do R\u00f3\u017ca\u0144ca Rodzic\u00f3w?<br>\n<\/em><\/strong><br>\nZapraszamy\nrodzic\u00f3w wszystkich czytaj\u0105cych te s\u0142owa do zapisu w zachrystii ko\u015bcio\u0142a.<br>\n<br>\n<br>\n<\/p>\n\n\n\n<h2 class=\"wp-block-heading\"><a href=\"http:\/\/www.parafia-maryi-krolowej.poznan.pl\/e-ambona\/modlitwy\/104-akt-zawierzenia-modlitwy-rozancowej-rodzicow-w-intencji-dzieci\">Akt zawierzenia\nModlitwy R\u00f3\u017ca\u0144cowej Rodzic\u00f3w w intencji dzieci<\/a><\/h2>\n\n\n\n<ul class=\"wp-block-list\"><li>&nbsp;<\/li><\/ul>\n\n\n\n<p><strong>Niepokalana\nDziewico Maryjo, Kr\u00f3lowo Rodzin, Kr\u00f3lowo Pokoju,<\/strong><\/p>\n\n\n\n<p>zawierzam Ci swoje dzieci i\nwszystkie dzieci obj\u0119te modlitw\u0105 w R\u00f3\u017cach R\u00f3\u017ca\u0144cowych Rodzic\u00f3w.<\/p>\n\n\n\n<p>Przez tajemnice \u017cycia<strong>Jezusa\ni \u015awi\u0119tej Rodziny<\/strong>upro\u015b\nu Boga \u0142ask\u0119 ochrony tych dzieci przed wszelkim z\u0142em, zw\u0142aszcza tym jakie mo\u017ce\nwyp\u0142ywa\u0107 ze s\u0142abo\u015bci i grzech\u00f3w rodzicielskich.&nbsp;<\/p>\n\n\n\n<p>Ochro\u0144 je p\u0142aszczem swojej\nmi\u0142o\u015bci i modlitwy, niech pozostan\u0105 niewinne, a te kt\u00f3re zb\u0142\u0105dzi\u0142y, kt\u00f3re\ndo\u015bwiadczaj\u0105 n\u0119dzy grzechu skieruj na drog\u0119 nawr\u00f3cenia. Tobie i tej modlitwie\nr\u00f3\u017ca\u0144cowej powierzamy drogi ich rozwoju i ufamy \u017ce doprowadzisz je do Jezusa.\nNiech to dzie\u0142o modlitwy rozwija si\u0119 przynosz\u0105c Mi\u0142o\u015b\u0107 i Pok\u00f3j jaki niesie\n\u015bwiatu Chrystus, aby jak najwi\u0119cej dzieci, rodzic\u00f3w i rodzin do\u015bwiadczy\u0142o\nuzdrawiaj\u0105cej mocy Mi\u0142o\u015bci Bo\u017cej. Tobie si\u0119 powierzamy w ca\u0142o\u015bci.<\/p>\n\n\n\n<p><strong><em>R\u00f3\u017ce dzia\u0142aj\u0105ce w naszej parafii:<\/em><\/strong><\/p>\n\n\n\n<p><strong><em>&#8211; Pw. \u015aw. Teresy od Dzieci\u0105tka Jezus<\/em><\/strong><\/p>\n\n\n\n<p><strong><em>&#8211; Pw. \u015aw. Ojca Pio<\/em><\/strong><\/p>\n\n\n\n<p><strong><em>&#8211; Pw. \u015aw. Jana Paw\u0142a II<\/em><\/strong><\/p>\n\n\n\n<p><strong><em>Patronka pierwszej R\u00f3\u017cy R\u00f3\u017ca\u0144cowej w Parafii Klemens\u00f3w<\/em><\/strong><\/p>\n\n\n\n<p><strong><em>\u015bw. Teresa od Dzieci\u0105tka Jezus<\/em><\/strong><\/p>\n\n\n\n<figure class=\"wp-block-image\"><img decoding=\"async\" src=\"https:\/\/voxdomini.pl\/wp-content\/uploads\/2018\/01\/sw-teresa3-300x212.jpg\" alt=\"\"\/><figcaption>https:\/\/voxdomini.pl\/wp-content\/uploads\/2018\/01\/sw-teresa3-300&#215;212.jpg<\/figcaption><\/figure>\n\n\n\n<p><strong><em>\u017byciorys<\/em><\/strong><\/p>\n\n\n\n<p>\u015awi\u0119ta Teresa\nurodzi\u0142a si\u0119 2 stycznia 1873 r. w Alencon (Francja) jako ostatnia z\ndziewi\u0119ciorga dzieci Zelii Guerin i Ludwika Martin. Jej ojciec by\u0142 zegarmistrzem, matka\nza\u015b koronkark\u0105. Rodzice byli lud\u017ami pobo\u017cnymi i do\u015bwiadczonymi przez cierpienie\n&#8211; wcze\u015bniej stracili ju\u017c czw\u00f3rk\u0119 dzieci. Okaza\u0142o si\u0119, \u017ce i Teresie grozi\n\u015bmier\u0107, gdy\u017c matka nie mog\u0142a jej karmi\u0107. Po kilku miesi\u0105cach prawie zag\u0142odzonym\ndzieckiem zaj\u0119\u0142a si\u0119 wiejska kobieta, u kt\u00f3rej ma\u0142a Tereska sp\u0119dzi\u0142a pierwszy\nrok swojego \u017cycia. Po powrocie do domu kr\u00f3tko cieszy\u0142a si\u0119 blisko\u015bci\u0105 mamy.\nZelia zachorowa\u0142a na raka i zmar\u0142a 28 sierpnia 1877 r. W listopadzie ca\u0142a\nrodzina przeprowadzi\u0142a si\u0119 do domu wuja Izydora w Lisieux.<\/p>\n\n\n\n<p>Gdy Tereska sko\u0144czy\u0142a 8 lat, rozpocz\u0119\u0142a nauk\u0119 w szkole klasztornej\nsi\u00f3str benedytek. 13 maja 1883 r. zosta\u0142a uzdrowiona z ci\u0119\u017ckiej choroby za\npo\u015brednictwem Matki Boskiej Zwyci\u0119skiej. W wieku 14 lat, w noc Bo\u017cego\nNarodzenia 1886 r. otrzyma\u0142a \u0142ask\u0119 wzmocnienia w znoszeniu cierpie\u0144. Latem\nodkry\u0142a w sobie powo\u0142anie misyjne. Poruszona do g\u0142\u0119bi obrazem ukrzy\u017cowanego\nJezusa, odczu\u0142a pragnienie ratowania grzesznych dusz. Zanosi\u0142a \u017carliwe modlitwy\nw intencji nawr\u00f3cenia mordercy, niejakiego Pranziniego. Skazaniec w ostatniej\nchwili przed \u015bci\u0119ciem poca\u0142owa\u0142 krucyfiks. 29 maja 1887 r. Teresa poprosi\u0142a tat\u0119 o pozwolenie na\nwst\u0105pienie do Karmelu. Swoj\u0105 pro\u015bb\u0119 przedstawi\u0142a tak\u017ce Leonowi XIII w czasie\npielgrzymki odbytej w listopadzie. Mimo pi\u0119trz\u0105cych si\u0119 trudno\u015bci Teresie uda\u0142o\nsi\u0119 w ko\u0144cu zrealizowa\u0107 pragnienie &#8211; 9 kwietnia 1888 r. wst\u0105pi\u0142a do Karmelu w\nLisieux. Rok p\u00f3\u017aniej &#8211; 10 stycznia rozpocz\u0119\u0142a nowicjat. W ceremonii ob\u0142\u00f3czyn\nuczestniczy\u0142 jej tata, kt\u00f3ry by\u0142 ju\u017c powa\u017cnie chory na uwi\u0105d starczy. Pobyt\nojca w szpitalu psychiatrycznym by\u0142 upokarzaj\u0105cy dla ca\u0142ej rodziny. Ta ci\u0119\u017cka\npr\u00f3ba oczy\u015bci\u0142a Teres\u0119 i jeszcze bardziej przybli\u017cy\u0142a do Jezusa. 8 wrze\u015bnia\n1890 r. z\u0142o\u017cy\u0142a swoje \u015bluby zakonne. Rok p\u00f3\u017aniej odkry\u0142a &#8222;ma\u0142\u0105 drog\u0119\ndzieci\u0119ctwa duchowego&#8221;. Pragn\u0119\u0142a by jej \u017cycie sta\u0142o si\u0119 aktem doskona\u0142ej\nmi\u0142o\u015bci, a cierpienie mo\u017cliwo\u015bci\u0105 jej pog\u0142\u0119bienia i wykazania. W lutym 1893 r.\nzosta\u0142a mistrzyni\u0105 nowicjatu. Rok p\u00f3\u017aniej 29 lipca umar\u0142 jej tata.<\/p>\n\n\n\n<p>Pod koniec 1894 r. matka Agnieszka poprosi\u0142a j\u0105, by spisa\u0142a wspomnienia\nz dzieci\u0144stwa. W nast\u0119pnym roku Teresa ofiarowa\u0142a si\u0119 mi\u0142o\u015bci mi\u0142osiernej Boga\noraz zosta\u0142a duchow\u0105 siostr\u0105 kleryka, kt\u00f3ry przygotowywa\u0142 si\u0119 do misji.\nNapisa\u0142a te\u017c pierwszy r\u0119kopis &#8222;A&#8221;, kt\u00f3ry wraz z jej kolejnymi\nr\u0119kopisami &#8222;B&#8221; i &#8222;C&#8221; stanowi\u0105 autobiografi\u0119 \u015bwi\u0119tej,\nopublikowane po jej \u015bmierci. Noc\u0105 w Wielki Pi\u0105tek 1896r. pojawi\u0142 si\u0119 pierwszy\nkrwotok z p\u0142uc. Nied\u0142ugo p\u00f3\u017aniej prze\u017cy\u0142a \u201enoc wiary\u201d. Zmierzaj\u0105c ku \u015bmierci zawierzy\u0142a si\u0119 Jezusowi, prze\u017cywaj\u0105c z\nNim swoj\u0105 drog\u0119 cierpienia. 30 wrze\u015bnia 1897 r. umar\u0142a w ekstazie mi\u0142o\u015bci. W 1997 r. og\u0142oszono j\u0105\nDoktorem Ko\u015bcio\u0142a.<\/p>\n","protected":false},"excerpt":{"rendered":"<p>W naszej parafii dzia\u0142aj\u0105 Ko\u0142a R\u00f3\u017ca\u0144cowe dla doros\u0142ych oraz Ko\u0142a R\u00f3\u017ca\u0144cowe rodzic\u00f3w modl\u0105cych si\u0119 w intencji dzieci By\u0107 p\u0142atkiem w R\u00f3\u017cy R\u00f3\u017ca\u0144cowej&#8230; [&hellip;]<\/p>\n","protected":false},"author":5,"featured_media":0,"parent":0,"menu_order":0,"comment_status":"closed","ping_status":"closed","template":"","meta":{"footnotes":""},"class_list":["post-1879","page","type-page","status-publish","hentry"],"wppr_data":{"cwp_meta_box_check":"No"},"_links":{"self":[{"href":"https:\/\/parafia-klemensow.pl\/index.php\/wp-json\/wp\/v2\/pages\/1879","targetHints":{"allow":["GET"]}}],"collection":[{"href":"https:\/\/parafia-klemensow.pl\/index.php\/wp-json\/wp\/v2\/pages"}],"about":[{"href":"https:\/\/parafia-klemensow.pl\/index.php\/wp-json\/wp\/v2\/types\/page"}],"author":[{"embeddable":true,"href":"https:\/\/parafia-klemensow.pl\/index.php\/wp-json\/wp\/v2\/users\/5"}],"replies":[{"embeddable":true,"href":"https:\/\/parafia-klemensow.pl\/index.php\/wp-json\/wp\/v2\/comments?post=1879"}],"version-history":[{"count":3,"href":"https:\/\/parafia-klemensow.pl\/index.php\/wp-json\/wp\/v2\/pages\/1879\/revisions"}],"predecessor-version":[{"id":2151,"href":"https:\/\/parafia-klemensow.pl\/index.php\/wp-json\/wp\/v2\/pages\/1879\/revisions\/2151"}],"wp:attachment":[{"href":"https:\/\/parafia-klemensow.pl\/index.php\/wp-json\/wp\/v2\/media?parent=1879"}],"curies":[{"name":"wp","href":"https:\/\/api.w.org\/{rel}","templated":true}]}}