{"id":1881,"date":"2019-01-24T12:00:01","date_gmt":"2019-01-24T11:00:01","guid":{"rendered":"http:\/\/parafia-klemensow.pl\/?page_id=1881"},"modified":"2021-09-28T11:53:32","modified_gmt":"2021-09-28T09:53:32","slug":"apostolstwo-dobrej-smierci","status":"publish","type":"page","link":"https:\/\/parafia-klemensow.pl\/index.php\/apostolstwo-dobrej-smierci\/","title":{"rendered":"Apostolstwo Dobrej \u015amierci"},"content":{"rendered":"\n<p>Stowarzyszenie Matki Bo\u017cej Patronki Dobrej \u015amierci w naszej parafii istnieje od 1995 r. <\/p>\n\n\n\n<p>Stowarzyszenie to, zwane Apostolatem Dobrej \u015amierci, zosta\u0142o zatwierdzone 22.07.1908 r. przez papie\u017ca Piusa X i powierzone opiece Misjonarzy ze Zgromadzenia Naj\u015bwi\u0119tszej Maryi Panny we Francji.<\/p>\n\n\n\n<p>Prymas Polski kard. J\u00f3zef Glemp 30.05.1987 r. oficjalnie zatwierdzi\u0142 polsk\u0105 fili\u0119 stowarzyszenia w G\u00f3rce Klasztornej. Opiek\u0119 nad Apostolatem Dobrej \u015amierci w Polsce sprawuj\u0105 Misjonarze \u015awi\u0119tej Rodziny. Wst\u0119puj\u0105cy do Stowarzyszenia poprzez swoje modlitwy pragn\u0105 wyjedna\u0107:<br>&#8211; dla wiernych katolik\u00f3w &#8211; wytrwanie w \u0142asce u\u015bwi\u0119caj\u0105cej;<br>&#8211; dla oboj\u0119tnych religijnie i dla grzesznik\u00f3w &#8211; \u0142ask\u0119 nawr\u00f3cenia;<br>&#8211; dla wszystkich &#8211; \u0142ask\u0119 dobrej i \u015bwi\u0119tej \u015bmierci.<\/p>\n\n\n\n<p>Obecnie do Apostolatu w naszej parafii nale\u017cy 10 os\u00f3b. <\/p>\n","protected":false},"excerpt":{"rendered":"<p>Stowarzyszenie Matki Bo\u017cej Patronki Dobrej \u015amierci w naszej parafii istnieje od 1995 r. Stowarzyszenie to, zwane Apostolatem Dobrej \u015amierci, zosta\u0142o zatwierdzone 22.07.1908 [&hellip;]<\/p>\n","protected":false},"author":5,"featured_media":0,"parent":0,"menu_order":0,"comment_status":"closed","ping_status":"closed","template":"","meta":{"footnotes":""},"class_list":["post-1881","page","type-page","status-publish","hentry"],"wppr_data":{"cwp_meta_box_check":"No"},"_links":{"self":[{"href":"https:\/\/parafia-klemensow.pl\/index.php\/wp-json\/wp\/v2\/pages\/1881","targetHints":{"allow":["GET"]}}],"collection":[{"href":"https:\/\/parafia-klemensow.pl\/index.php\/wp-json\/wp\/v2\/pages"}],"about":[{"href":"https:\/\/parafia-klemensow.pl\/index.php\/wp-json\/wp\/v2\/types\/page"}],"author":[{"embeddable":true,"href":"https:\/\/parafia-klemensow.pl\/index.php\/wp-json\/wp\/v2\/users\/5"}],"replies":[{"embeddable":true,"href":"https:\/\/parafia-klemensow.pl\/index.php\/wp-json\/wp\/v2\/comments?post=1881"}],"version-history":[{"count":2,"href":"https:\/\/parafia-klemensow.pl\/index.php\/wp-json\/wp\/v2\/pages\/1881\/revisions"}],"predecessor-version":[{"id":2903,"href":"https:\/\/parafia-klemensow.pl\/index.php\/wp-json\/wp\/v2\/pages\/1881\/revisions\/2903"}],"wp:attachment":[{"href":"https:\/\/parafia-klemensow.pl\/index.php\/wp-json\/wp\/v2\/media?parent=1881"}],"curies":[{"name":"wp","href":"https:\/\/api.w.org\/{rel}","templated":true}]}}