{"id":1911,"date":"2019-01-28T11:14:46","date_gmt":"2019-01-28T10:14:46","guid":{"rendered":"http:\/\/parafia-klemensow.pl\/?page_id=1911"},"modified":"2019-01-29T11:18:02","modified_gmt":"2019-01-29T10:18:02","slug":"historia-parafii","status":"publish","type":"page","link":"https:\/\/parafia-klemensow.pl\/index.php\/historia-parafii\/","title":{"rendered":"Historia parafii"},"content":{"rendered":"\n<p><strong>&nbsp;<\/strong>Mimo\n\u017ce nasza parafia pod wezwaniem Naj\u015bwi\u0119tszego Serca Pana Jezusa w Klemensowie (z\nobecn\u0105 siedzib\u0105 w Bodaczowie) zosta\u0142a utworzona 12 wrze\u015bnia 1989 roku, to\njednak pocz\u0105tki kultu Bo\u017cego i pos\u0142ugi sakramentalnej w kaplicy przy pa\u0142acu\nZamoyskich w Klemensowie, kt\u00f3ra przez niemal dwadzie\u015bcia lat s\u0142u\u017cy\u0142a jako\nko\u015bci\u00f3\u0142 parafialny, si\u0119gaj\u0105 nie tylko dziesi\u0105tek, ale nawet setek lat wstecz. A\nwszystko zacz\u0119\u0142o si\u0119, gdy w latach 1744-1747 Zamoyscy zbudowali w Klemensowie barokowy\npa\u0142ac. Z czasem dobudowano do niego dwa boczne pawilony. W spisie inwentarza z\n1794 zaznaczono, \u017ce ca\u0142y prawy pawilon zosta\u0142 przeznaczony na kaplic\u0119 (dwukondygnacyjn\u0105).\nChocia\u017c kaplica by\u0142a prywatn\u0105 w\u0142asno\u015bci\u0105 rodu Zamoyskich, &nbsp;mieszka\u0144cy okolicznych wiosek mieli do niej\nprawo wst\u0119pu i mo\u017cliwo\u015b\u0107 korzystania z pos\u0142ugi sakramentalnej kap\u0142an\u00f3w w\nkaplicy. Lata 1826-1841 to czas przebudowy pa\u0142acu i przeniesienia kaplicy do\nprawego \u0142\u0105cznika. Dotychczasowa kaplica zosta\u0142a przebudowana na skarbiec i\nbibliotek\u0119. <\/p>\n\n\n\n<p>Po\nzako\u0144czeniu II wojny \u015bwiatowej Siostry Franciszkanki Misjonarki Maryi (FMM),\nopiekuj\u0105ce si\u0119 pa\u0142acem, zwr\u00f3ci\u0142y si\u0119 do Biskupa Lubelskiego Stefana\nWyszy\u0144skiego z pro\u015bb\u0105 o urz\u0105dzenie kaplicy z prawem do przechowywania\nNaj\u015bwi\u0119tszego Sakramentu w dawnej oran\u017cerii pa\u0142acu Zamoyskich w Klemensowie (zbudowanej\nw roku 1815) dla wiernych z okolicznych wiosek, kt\u00f3rzy z racji znacznych\nodleg\u0142o\u015bci do swych \u015bwi\u0105ty\u0144 parafialnych (Szczebrzeszyn, Wiel\u0105cza, Tworycz\u00f3w)\nnie uczestniczyli czynnie w \u017cyciu swych parafii. Po dostosowaniu oran\u017cerii do kultu\nkaplica zosta\u0142a po\u015bwi\u0119cona 9 maja 1948 roku przez ks. kanonika Stanis\u0142awa\nSzepietowskiego ze Szczebrzeszyna.&nbsp; Od\ntego czasu w niedziele i \u015bwi\u0119ta zacz\u0119to w kaplicy odprawia\u0107 Msze \u015bw. dla\nwiernych. Opiek\u0119 nad kaplic\u0105 biskup powierzy\u0142 kapelanowi Si\u00f3str FMM (w latach\n1948-1950 by\u0142 nim ks. Stanis\u0142aw Harasowski) W przypadku jego nieobecno\u015bci nad\nkaplic\u0105 mia\u0142 czuwa\u0107 proboszcz parafii \u015bw. Miko\u0142aja w Szczebrzeszynie, gdy\u017c\nKlemens\u00f3w znajdowa\u0142 si\u0119 na terenie tej\u017ce parafii. <\/p>\n\n\n\n<p>Przed\nwizytacj\u0105 biskupi\u0105 maj\u0105c\u0105 si\u0119 odby\u0107 20 czerwca 1954 r. dokonano kolejnych prac\nprzy kaplicy Naj\u015bwi\u0119tszego Serca Jezusowego (m.in. powi\u0119kszono kaplic\u0119,\npo\u0142o\u017cono nowy dach, wybudowano murowane zakrystie oraz wykonano now\u0105 posadzk\u0119).\n28 listopada 1954 r. po\u015bwi\u0119cono nowy o\u0142tarz. Po\u015bwi\u0119cenia dokona\u0142 dziekan szczebrzeszy\u0144ski\nks. kan. Szepietowski w asy\u015bcie proboszcza z Wiel\u0105czy ks. Franciszka Soko\u0142a i\nadministratora kaplicy w Klemensowie ks. Jacka \u017b\u00f3rawskiego, kt\u00f3ry jednocze\u015bnie\nby\u0142 kapelanem si\u00f3str. W 1958 roku zbudowano nowy ch\u00f3r, a w roku kolejnym do\nu\u017cytku oddano nowe, jedenastog\u0142osowe organy (po wybudowaniu ko\u015bcio\u0142a\nparafialnego w Bodaczowie zosta\u0142y do niego przeniesione). <\/p>\n\n\n\n<p>28\nkwietnia 1958 roku lubelska Kuria Biskupia zmieni\u0142a status kaplicy z\np\u00f3\u0142publicznej na publiczn\u0105, jednocze\u015bnie tworz\u0105c przy niej rektorat. &nbsp;Pierwszym rektorem zosta\u0142 mianowany ks. Jacek\n\u017b\u00f3rawski \u2013 kapelan si\u00f3str. Do pomocy w kaplicy ks. biskup przydzieli\u0142 ks.\nKazimierza \u017bydowo. <\/p>\n\n\n\n<p>Ju\u017c w\nlatach sze\u015b\u0107dziesi\u0105tych punkty katechetyczne znajdowa\u0142y si\u0119 w Klemensowie,\nBodaczowie, Deszkowicach II \u201eStarej Wsi\u201d i Deszkowicach II \u201eRudkach\u201d.<\/p>\n\n\n\n<p>W 1964\npodczas wizytacji biskup Jan Mazur, sufragan lubelski, po\u015bwi\u0119ci\u0142 trzy nowe\ndzwony dla kaplicy. Najwi\u0119kszy z nich (350 kg) stanowi wotum wdzi\u0119czno\u015bci za tysi\u0105clecie\nchrze\u015bcija\u0144stwa w Polsce. Otrzyma\u0142 on imi\u0119 Maryja. Dwa kolejne dzwony to J\u00f3zef\n(250 kg) i Tereska (100 kg). Obecnie dzwony znajduj\u0105 si\u0119 przy ko\u015bciele w\nBodaczowie. <\/p>\n\n\n\n<p>Druga\npo\u0142owa lat sze\u015b\u0107dziesi\u0105tych XX w. wi\u0105\u017ce si\u0119 z wprowadzaniem w Ko\u015bciele soborowej\nodnowy liturgii (m. in. Msza \u015bw. w j\u0119zykach narodowych, czy te\u017c ustawienie\no\u0142tarza w centrum zgromadzenia eucharystycznego). W sierpniu 1965 roku\npo\u015bwi\u0119cono w kaplicy nowy o\u0142tarz dostosowany do odnowionej liturgii. Na uwag\u0119\nzas\u0142uguje fakt, \u017ce by\u0142 to jeden z pierwszych tego rodzaju o\u0142tarzy w Diecezji\nLubelskiej. Rok 1967 to czas odnowienia wn\u0119trza kaplicy (malowanie \u015bcian,\numieszczenie w g\u0142\u00f3wnym o\u0142tarzu rze\u017abionego krucyfiksu, zakup nowych obraz\u00f3w\noraz wymalowanie na bocznych \u015bcianach postaci najbardziej znanych polskich\n\u015bwi\u0119tych). <\/p>\n\n\n\n<p>W\nlatach 1970 i 1971 w kaplicy zamontowano i po\u015bwi\u0119cono nowe witra\u017ce\nprzedstawiaj\u0105ce symbole eucharystyczne. Oczywi\u015bcie po wybudowaniu nowego\nko\u015bcio\u0142a parafialnego witra\u017ce, podobnie jak organy i dzwony (oraz nowe \u0142awki\nwykonane w roku 1972 i konfesjona\u0142y z 1975) zosta\u0142y przeniesione do nowej\n\u015bwi\u0105tyni. <\/p>\n\n\n\n<p>Kaplica w Klemensowie od pocz\u0105tku podlega\u0142a jurysdykcji parafialnej ze Szczebrzeszyna. Warto nadmieni\u0107, \u017ce dziekan ze Szczebrzeszyna zabiega\u0142 o utworzenie kaplicy w Klemensowie. 23.11.1972 r. Biskup Lubelski poleci\u0142 rektorowi ko\u015bcio\u0142a prowadzenie samodzielnych ksi\u0105g metrykalnych dla wiernych korzystaj\u0105cych z pos\u0142ugi sakramentalnej w Klemensowie. Od 1973 rozpocz\u0119to starania o utworzenie cmentarza grzebalnego na terenie bezpo\u015brednio przyleg\u0142ym do parku, jednak w\u0142adze komunistyczne nie by\u0142y przychylne tej inicjatywie i nie zezwoli\u0142y na to. <\/p>\n\n\n\n<p>Wed\u0142ug\ndanych z lat 1972-1973 kaplica w Klemensowie obejmowa\u0142a swym duszpasterskim\nzasi\u0119giem oko\u0142o 5000 wiernych. Oko\u0142o 4200 wiernych nale\u017ca\u0142o do miejscowo\u015bci\nobejmuj\u0105cych: Bodacz\u00f3w, Deszkowice I (cz\u0119\u015b\u0107), Deszkowice II,&nbsp; Kolonia Niedzieliska (cz\u0119\u015b\u0107), Klemens\u00f3w &#8211;\nPark, Kulik\u00f3w, Michal\u00f3w, kt\u00f3re duszpasterstwo z Klemensowa mia\u0142o powierzonych\nswej pieczy, za\u015b oko\u0142o 800 wiernych to pozostali mieszka\u0144cy Niedzielisk Kolonii,\nWiel\u0105czy \u2013 Komasacji oraz Klemensowa \u2013 Osiedla, kt\u00f3rzy co prawda nie podlegali\npod Klemens\u00f3w, ale korzystali z pos\u0142ugi w kaplicy w parku. 13 listopada 1974\nroku Biskup Lubelski wraz z duszpasterzami z Klemensowa i okolicznych parafii\n(Szczebrzeszyn, Tworycz\u00f3w, Wiel\u0105cza) ustali\u0142 granice pod przysz\u0142\u0105 parafi\u0119 (do miejscowo\u015bci\nwy\u017cej wymienionych do\u0142\u0105czy\u0142 Klemens\u00f3w \u2013 Osiedle).&nbsp; Jednocze\u015bnie Biskup skierowa\u0142 do w\u0142adz wojew\u00f3dzkich\npro\u015bb\u0119 o udzielenie zgody na utworzenie parafii. Do pro\u015bby do\u0142\u0105czono podpisy\n4000 os\u00f3b, jednak jak mo\u017cna si\u0119 by\u0142o spodziewa\u0107 po w\u0142adzy ludowej, zgody nie\notrzymano. Co ciekawe, jednocze\u015bnie na\u0142o\u017cono na rektora ko\u015bcio\u0142a w Klemensowie\npodatek, jaki ka\u017cdy proboszcz p\u0142aci od ilo\u015bci wiernych nale\u017c\u0105cych do\npowierzonej mu parafii. Rektor wi\u0119c sta\u0142 si\u0119 w \u015bwietle prawa proboszczem bez\nformalnej parafii, a jego wsp\u00f3\u0142pracownicy wikariuszami. Klemens\u00f3w sta\u0142 si\u0119\nsamodzielnym o\u015brodkiem duszpasterskim.<\/p>\n\n\n\n<p>Od lat\nsiedemdziesi\u0105tych w Klemensowie w niedziele i \u015bwi\u0119ta sprawowano pi\u0119\u0107\nEucharystii (6:30 w kaplicy Si\u00f3str FMM, 7:30 dla dzieci, 9:00 dla m\u0142odzie\u017cy i\ninteligencji, o 11:00 dla wszystkich i o 16:00 dla pracuj\u0105cych). Podczas dni\npowszednich by\u0142y sprawowane dwie Msze \u015bw.: jedna w kaplicy si\u00f3str\n(o&nbsp;6:15), a druga w kaplicy dost\u0119pnej dla wszystkich (o 7:30). <\/p>\n\n\n\n<p>Od lat\n1974-1975 w Klemensowie zacz\u0119to organizowa\u0107 rekolekcje oazowe dla m\u0142odzie\u017cy z\nDiecezji Lubelskiej. By\u0142y to pierwsze rekolekcje Ruchu \u015awiat\u0142o-\u017bycie na terenie\ndiecezji. Cz\u0119sto podczas wakacji obywa\u0142o si\u0119 tutaj kilka turnus\u00f3w rekolekcji\noazowych. <\/p>\n\n\n\n<p>Na\npocz\u0105tku lat osiemdziesi\u0105tych utworzono w pa\u0142acu Diecezjalny Dom Rekolekcyjny\nDiecezji Lubelskiej, w kt\u00f3rym odby\u0142o si\u0119 wiele rekolekcji zamkni\u0119tych dla\nr\u00f3\u017cnych grup. Dom rekolekcyjny przesta\u0142 funkcjonowa\u0107 wraz z odej\u015bciem z parafii\nSi\u00f3str Franciszkanek Misjonarek Maryi w roku 1993.<\/p>\n\n\n\n<p>W\nlatach 1983-1984 w Bodaczowie obok szko\u0142y wybudowano dom katechetyczny, kt\u00f3ry\ns\u0142u\u017cy\u0142 do nauki katechetycznej a\u017c do czasu powrotu religii do szk\u00f3\u0142 w latach\ndziewi\u0119\u0107dziesi\u0105tych.<\/p>\n\n\n\n<p>12\nwrze\u015bnia 1989 r. wreszcie utworzono Parafi\u0119 Rzymskokatolick\u0105 pw. Naj\u015bwi\u0119tszego\nSerca Pana Jezusa w Klemensowie. Siedzib\u0105 parafii zosta\u0142 ustanowiony ko\u015bci\u00f3\u0142\nNSPJ \u2013 dawna oran\u017ceria. <\/p>\n\n\n\n<p>Gdy w\n1991 roku proboszcz parafii zwr\u00f3ci\u0142 si\u0119 z pro\u015bb\u0105 do w\u0142adz ministerialnych w\nsprawie lokalizacji grunt\u00f3w pod cmentarz parafialny, ministerstwo zasugerowa\u0142o\nwyprowadzeni si\u0119 z ko\u015bcio\u0142a w parku i budow\u0119 nowych ko\u015bcio\u0142\u00f3w. Podj\u0119to starania\no zlokalizowanie dzia\u0142ek pod ko\u015bci\u00f3\u0142 i cmentarz w Bodaczowie. <\/p>\n\n\n\n<p>W roku\n1993 nast\u0105pi\u0142a zmiana proboszcza \u2013 ks. Romualda Bekiera zast\u0105pi\u0142 ks. J\u00f3zef\nZwolak. Rozpocz\u0105\u0142 on konsultacje z Rad\u0105 Parafialn\u0105 i reszt\u0105 parafian w sprawie\nwyboru terenu pod lokalizacj\u0119 ko\u015bcio\u0142a i cmentarza parafialnego. Oczywi\u015bcie\nw\u015br\u00f3d parafian by\u0142y r\u00f3\u017cnice zda\u0144, jednak w ko\u0144cu dosz\u0142o do konsensusu i\nzdecydowano o terenie na pograniczu p\u00f3l Bodaczowa i Michalowa ze wschodniej\nstrony parku. Pozyskano dzia\u0142ki i wyst\u0105piono do odpowiednich organ\u00f3w pa\u0144stwa o\nzmian\u0119 przeznaczenia grunt\u00f3w z rolnych na teren pod ko\u015bci\u00f3\u0142 i cmentarz. <\/p>\n\n\n\n<p>Pod\nkoniec 1993 roku rozpocz\u0119to prace r\u00f3wnania terenu, jednak zima wstrzyma\u0142a je na\npewien czas. <\/p>\n\n\n\n<p>14\nstycznia 1994 r. Biskup Jan \u015arutwa udzieli\u0142 parafii przywileju sprawowania\ndodatkowego odpustu ku czci \u015bw. Floriana \u2013 patrona stra\u017cak\u00f3w, w pierwsz\u0105\nniedziel\u0119 po 4 maja ka\u017cdego roku.<\/p>\n\n\n\n<p>W\nczerwcu 1994 r. wybrano architekta, kt\u00f3ry mia\u0142 projektowa\u0107 ko\u015bci\u00f3\u0142. <\/p>\n\n\n\n<p>14\nwrze\u015bnia 1994 roku podczas pielgrzymki Stra\u017cy Po\u017carnych z Wojew\u00f3dztwa\nZamojskiego, na kt\u00f3r\u0105 wraz ze stra\u017cakami uda\u0142 si\u0119 ks. proboszcz J\u00f3zef Zwolak\njako kapelan stra\u017cy, papie\u017c Jan Pawe\u0142 II po\u015bwi\u0119ci\u0142 kamienie w\u0119gielne pod budow\u0119\nnaszego ko\u015bcio\u0142a. Kamienie s\u0105 dwa: jeden pochodzi z Katakumb, a drugi z\nKoloseum.<\/p>\n\n\n\n<p>W roku\n1997 nowym proboszczem zosta\u0142 mianowany ks. Ryszard Wr\u00f3bel, kt\u00f3ry od pocz\u0105tku\nswej pos\u0142ugi bardzo zaanga\u017cowa\u0142 si\u0119 w dzie\u0142o budowy ko\u015bcio\u0142a parafialnego.\nNied\u0142ugo po jego nominacji ruszy\u0142y prace na placu ko\u015bcielnym. Przy ogromnym\nzaanga\u017cowaniu i wk\u0142adzie materialnym niemal wszystkich parafian, w roku 2008\nzako\u0144czono prace budowlane, a nasza wsp\u00f3lnota mog\u0142a cieszy\u0107 si\u0119 nowym, du\u017cym,\nnowoczesnym i bardzo dobrze przemy\u015blanym ko\u015bcio\u0142em dedykowanym Naj\u015bwi\u0119tszemu\nSercu Pana Jezusa i Matce Bo\u017cej Nieustaj\u0105cej Pomocy. Ko\u015bci\u00f3\u0142 zbudowano wed\u0142ug\nprojektu in\u017c. W\u0142adys\u0142awa Fr\u0105ckiewicza z Krasnegostawu jako ko\u015bci\u00f3\u0142 trzynawowy z\nprzyleg\u0142\u0105 boczn\u0105 kaplic\u0105 dedykowan\u0105 \u015bw. Florianowi. Na zapleczu ko\u015bcio\u0142a s\u0105\numieszczone m.in. trzy sale do spotka\u0144 duszpasterskich oraz mieszkanie\ngo\u015bcinne. Obok ko\u015bcio\u0142a wybudowano plebani\u0119 (oddan\u0105 do u\u017cytku w roku 2009) oraz\nbudynek gospodarczy. <\/p>\n\n\n\n<p>W roku\n1999 z parafii wy\u0142\u0105czono dwie miejscowo\u015bci: Kulik\u00f3w i cz\u0119\u015b\u0107 Deszkowic I, kt\u00f3re\nprzesz\u0142y do nowopowsta\u0142ej parafii w Deszkowicach I. W roku 2000 do u\u017cytku\noddano kaplic\u0119 przedpogrzebow\u0105.<\/p>\n\n\n\n<p>26\nczerwca 2008 podczas wizytacji kanonicznej Biskup Zamojsko-Lubaczowski Wac\u0142aw\nDepo przeni\u00f3s\u0142 procesjonalnie Naj\u015bwi\u0119tszy Sakrament do nowego ko\u015bcio\u0142a. Od tej\npory ca\u0142y kult Bo\u017cy jest sprawowany w nowej \u015bwi\u0105tyni. <\/p>\n\n\n\n<p>Konsekracja\nko\u015bcio\u0142a nast\u0105pi\u0142a 8 pa\u017adziernika 2011 r. Konsekracja to przeznaczenie budynku\nko\u015bcielnego jedynie do cel\u00f3w religijnych. By\u0142a to wielka uroczysto\u015b\u0107 stanowi\u0105ca\npiecz\u0119\u0107 nad budow\u0105 ko\u015bcio\u0142a. Zosta\u0142a ona przygotowana przez ks. Ryszarda\nWr\u00f3bla, kt\u00f3ry by\u0142 proboszczem parafii przez czas budowy ko\u015bcio\u0142a. <\/p>\n","protected":false},"excerpt":{"rendered":"<p>&nbsp;Mimo \u017ce nasza parafia pod wezwaniem Naj\u015bwi\u0119tszego Serca Pana Jezusa w Klemensowie (z obecn\u0105 siedzib\u0105 w Bodaczowie) zosta\u0142a utworzona 12 wrze\u015bnia 1989 [&hellip;]<\/p>\n","protected":false},"author":5,"featured_media":0,"parent":0,"menu_order":0,"comment_status":"closed","ping_status":"closed","template":"","meta":{"footnotes":""},"class_list":["post-1911","page","type-page","status-publish","hentry"],"wppr_data":{"cwp_meta_box_check":"No"},"_links":{"self":[{"href":"https:\/\/parafia-klemensow.pl\/index.php\/wp-json\/wp\/v2\/pages\/1911","targetHints":{"allow":["GET"]}}],"collection":[{"href":"https:\/\/parafia-klemensow.pl\/index.php\/wp-json\/wp\/v2\/pages"}],"about":[{"href":"https:\/\/parafia-klemensow.pl\/index.php\/wp-json\/wp\/v2\/types\/page"}],"author":[{"embeddable":true,"href":"https:\/\/parafia-klemensow.pl\/index.php\/wp-json\/wp\/v2\/users\/5"}],"replies":[{"embeddable":true,"href":"https:\/\/parafia-klemensow.pl\/index.php\/wp-json\/wp\/v2\/comments?post=1911"}],"version-history":[{"count":2,"href":"https:\/\/parafia-klemensow.pl\/index.php\/wp-json\/wp\/v2\/pages\/1911\/revisions"}],"predecessor-version":[{"id":1924,"href":"https:\/\/parafia-klemensow.pl\/index.php\/wp-json\/wp\/v2\/pages\/1911\/revisions\/1924"}],"wp:attachment":[{"href":"https:\/\/parafia-klemensow.pl\/index.php\/wp-json\/wp\/v2\/media?parent=1911"}],"curies":[{"name":"wp","href":"https:\/\/api.w.org\/{rel}","templated":true}]}}