{"id":4437,"date":"2025-03-22T15:22:22","date_gmt":"2025-03-22T14:22:22","guid":{"rendered":"https:\/\/parafia-klemensow.pl\/?page_id=4437"},"modified":"2025-03-22T15:22:22","modified_gmt":"2025-03-22T14:22:22","slug":"warsztaty-muzyki-pasyjnej-11-13-kwietnia-2025","status":"publish","type":"page","link":"https:\/\/parafia-klemensow.pl\/index.php\/warsztaty-muzyki-pasyjnej-11-13-kwietnia-2025\/","title":{"rendered":"Warsztaty muzyki pasyjnej 11-13 kwietnia 2025"},"content":{"rendered":"\n<figure class=\"wp-block-image size-large\"><img loading=\"lazy\" decoding=\"async\" width=\"724\" height=\"1024\" src=\"https:\/\/parafia-klemensow.pl\/wp-content\/uploads\/2025\/03\/Warsztaty-Bodaczow-724x1024.jpg\" alt=\"\" class=\"wp-image-4423\" srcset=\"https:\/\/parafia-klemensow.pl\/wp-content\/uploads\/2025\/03\/Warsztaty-Bodaczow-724x1024.jpg 724w, https:\/\/parafia-klemensow.pl\/wp-content\/uploads\/2025\/03\/Warsztaty-Bodaczow-212x300.jpg 212w, https:\/\/parafia-klemensow.pl\/wp-content\/uploads\/2025\/03\/Warsztaty-Bodaczow-768x1086.jpg 768w, https:\/\/parafia-klemensow.pl\/wp-content\/uploads\/2025\/03\/Warsztaty-Bodaczow-1086x1536.jpg 1086w, https:\/\/parafia-klemensow.pl\/wp-content\/uploads\/2025\/03\/Warsztaty-Bodaczow-1448x2048.jpg 1448w, https:\/\/parafia-klemensow.pl\/wp-content\/uploads\/2025\/03\/Warsztaty-Bodaczow-35x50.jpg 35w, https:\/\/parafia-klemensow.pl\/wp-content\/uploads\/2025\/03\/Warsztaty-Bodaczow-1000x1414.jpg 1000w, https:\/\/parafia-klemensow.pl\/wp-content\/uploads\/2025\/03\/Warsztaty-Bodaczow-230x325.jpg 230w, https:\/\/parafia-klemensow.pl\/wp-content\/uploads\/2025\/03\/Warsztaty-Bodaczow-350x495.jpg 350w, https:\/\/parafia-klemensow.pl\/wp-content\/uploads\/2025\/03\/Warsztaty-Bodaczow-480x679.jpg 480w, https:\/\/parafia-klemensow.pl\/wp-content\/uploads\/2025\/03\/Warsztaty-Bodaczow-scaled.jpg 1810w\" sizes=\"auto, (max-width: 724px) 100vw, 724px\" \/><\/figure>\n\n\n\n<p><strong>Warsztaty Muzyki Pasyjnej 11-13 kwietnia 2025 w Bodaczowie<\/strong><\/p>\n\n\n\n<p><strong><u>Gdzie?<\/u><\/strong><\/p>\n\n\n\n<p><strong>Zaj\u0119cia warsztatowe odb\u0119d\u0105 si\u0119 w salach duszpasterskich przy Ko\u015bciele NSPJ w Bodaczowie (Bodacz\u00f3w 150b)<\/strong><\/p>\n\n\n\n<p><strong><u>Program:<\/u><\/strong><\/p>\n\n\n\n<p><strong>Pi\u0105tek 11 kwietnia 2025<\/strong><\/p>\n\n\n\n<p>17.00 &#8211; Droga Krzy\u017cowa &#8211; w ko\u015bciele NSPJ w Bodaczowie<\/p>\n\n\n\n<p>17.30 \u2013 Msza \u015bw. inauguruj\u0105ca warsztaty muzyczne \u2013 ko\u015bci\u00f3\u0142 NSPJ w Bodaczowie<\/p>\n\n\n\n<p>18.00 \u2013 Czas na rejestracj\u0119  &#8211; sala obok zakrystii<\/p>\n\n\n\n<p>18.30 \u2013 21.00 \u2013 I tura warsztat\u00f3w muzycznych&nbsp;<\/p>\n\n\n\n<p><strong>Sobota <strong>12 kwietnia 2025<\/strong><\/strong> &#8211; sala przy zakrystii w Ko\u015bciele NSPJ w Bodaczowie<\/p>\n\n\n\n<p>8.30 \u2013 9.00 \u2013 roz\u015bpiewka<\/p>\n\n\n\n<p>9.00 \u2013&nbsp; 12.00 &#8211; II tura warsztat\u00f3w muzycznych<\/p>\n\n\n\n<p>12.00 \u2013 13.00 \u2013 Czas na obiad<\/p>\n\n\n\n<p>13.00 \u2013 16.00 &#8211; III tura warsztat\u00f3w muzycznych<\/p>\n\n\n\n<p>16.00 \u2013 Konferencja o muzyce liturgicznej<\/p>\n\n\n\n<p>16.30 &#8211; przygotowanie do Eucharystii<\/p>\n\n\n\n<p>17.00 &#8211; Eucharystia<\/p>\n\n\n\n<p>17.30 \u2013 18.00 &#8211; Czas na Kolacj\u0119<\/p>\n\n\n\n<p>18.00 \u2013 20.30 &#8211; IV tura warsztat\u00f3w muzycznych<\/p>\n\n\n\n<p>20.30 \u2013 adoracja &#8211; uwielbienie Jezusa obecnego w Naj\u015bwi\u0119tszym Sakramencie<\/p>\n\n\n\n<p><strong>Niedziela 13 kwietnia <strong>2025<\/strong><\/strong> &#8211; sala przy zakrystii w Ko\u015bciele NSPJ w Bodaczowie<\/p>\n\n\n\n<p>9.00 &#8211; 11.30 \u2013 V tura warsztat\u00f3w muzycznych&nbsp;<\/p>\n\n\n\n<p>12.00 \u2013 Msza \u015aw. w Ko\u015bciele \u015bw. NSPJ w Bodaczowie<\/p>\n\n\n\n<p>13.00 &#8211; koncert fina\u0142owy<\/p>\n\n\n\n<p><strong><u>Kto moze uczestniczy\u0107?<\/u><\/strong><\/p>\n\n\n\n<p>Uczestniczy\u0107 moze w nich ka\u017cdy, kto chce rozwija\u0107 umiej\u0119tnosci wokalne w wieku od 13 roku \u017cycia (osoby niepe\u0142noletnie musz\u0105 posiada\u0107 zgod\u0119 od rodzic\u00f3w, b\u0105d\u017a by\u0107 pod ich opiek\u0105 &#8211; wz\u00f3r zostanie przes\u0142any przez organizator\u00f3w). Zapraszamy szczeg\u00f3lnie osoby chc\u0105ce tworzyc ch\u00f3r, jednak mile widziane b\u0119d\u0105 te\u017c osoby graj\u0105ce na takich instrumentach jak flet, skrzypce, ob\u00f3j, klarnet, wiolonczela, alt\u00f3wka, kontrabas.<\/p>\n\n\n\n<p><strong><u>Koszt<\/u><\/strong><\/p>\n\n\n\n<ul class=\"wp-block-list\">\n<li>uczniowie i studenci &#8211; 50 z\u0142<\/li>\n\n\n\n<li>osoby doros\u0142e &#8211; 100 z\u0142<\/li>\n\n\n\n<li>je\u017celi jedynie brak \u015brodk\u00f3w materialnych stanowi\u0142by przeszkod\u0119 w uczestnictwie prosimy o kontkat i rozmow\u0119 telefoniczn\u0105<\/li>\n<\/ul>\n\n\n\n<p><strong><u>Wy\u017cywienie<\/u><\/strong><\/p>\n\n\n\n<p>Zasadniczo wy\u017cywienie jest we w\u0142asnym zakresie jednak finalizujemy r\u00f3wnie\u017c mo\u017cliwo\u015b\u0107 zam\u00f3wienia wsp\u00f3lnej pizzy (o:<\/p>\n\n\n\n<p><strong>Nocleg<\/strong><\/p>\n\n\n\n<p>Zasadniczo ewentualny nocleg jest organizowany na w\u0142asn\u0105 r\u0119k\u0119, je\u015bli jednak by\u0142aby potrzebna pomoc w noclegu warto zapyta\u0107 przy zg\u0142oszeniu. <\/p>\n\n\n\n<p><strong>Osoby niepe\u0142noletnie<\/strong><\/p>\n\n\n\n<p>Osoby niepe\u0142noletnie b\u0119d\u0105 potrzebowa\u0107 zgody uczestnictwa od rodzic\u00f3w, kt\u00f3ra zostanie przes\u0142ana na e-mail podany przy zg\u0142oszeniu<\/p>\n\n\n\n<p><\/p>\n\n\n\n<p><strong><u>Jak sie zapisa\u0107?<\/u><\/strong><\/p>\n\n\n\n<ul class=\"wp-block-list\">\n<li>zadzwoni\u0107 lub wys\u0142a\u0107 na e-mail podany na plakacie (nie podajemy w wersji tekstowej z powodu robot\u00f3w intenetowych) z informacj\u0105 o ch\u0119ci uczestnicwa liczbie os\u00f3b i ich wieku<\/li>\n\n\n\n<li>zostanie przes\u0142any numer konta na kt\u00f3ry trzeba wp\u0142aci\u0107 pieni\u0105dze<\/li>\n\n\n\n<li>po zaksi\u0119gowaniu zostanie przes\u0142ana informacja o przyj\u0119ciu a tak\u017ce program i nuty<\/li>\n\n\n\n<li>mo\u017cna zapisa\u0107 sie takze na miejscu na pocz\u0105tku warsztat\u00f3w od godz 18.00 do godz. 18.30 w ko\u015bciele w Bodaczowie<\/li>\n<\/ul>\n","protected":false},"excerpt":{"rendered":"<p>Warsztaty Muzyki Pasyjnej 11-13 kwietnia 2025 w Bodaczowie Gdzie? Zaj\u0119cia warsztatowe odb\u0119d\u0105 si\u0119 w salach duszpasterskich przy Ko\u015bciele NSPJ w Bodaczowie (Bodacz\u00f3w [&hellip;]<\/p>\n","protected":false},"author":5,"featured_media":0,"parent":0,"menu_order":0,"comment_status":"closed","ping_status":"closed","template":"","meta":{"footnotes":""},"class_list":["post-4437","page","type-page","status-publish","hentry"],"wppr_data":[],"_links":{"self":[{"href":"https:\/\/parafia-klemensow.pl\/index.php\/wp-json\/wp\/v2\/pages\/4437","targetHints":{"allow":["GET"]}}],"collection":[{"href":"https:\/\/parafia-klemensow.pl\/index.php\/wp-json\/wp\/v2\/pages"}],"about":[{"href":"https:\/\/parafia-klemensow.pl\/index.php\/wp-json\/wp\/v2\/types\/page"}],"author":[{"embeddable":true,"href":"https:\/\/parafia-klemensow.pl\/index.php\/wp-json\/wp\/v2\/users\/5"}],"replies":[{"embeddable":true,"href":"https:\/\/parafia-klemensow.pl\/index.php\/wp-json\/wp\/v2\/comments?post=4437"}],"version-history":[{"count":1,"href":"https:\/\/parafia-klemensow.pl\/index.php\/wp-json\/wp\/v2\/pages\/4437\/revisions"}],"predecessor-version":[{"id":4438,"href":"https:\/\/parafia-klemensow.pl\/index.php\/wp-json\/wp\/v2\/pages\/4437\/revisions\/4438"}],"wp:attachment":[{"href":"https:\/\/parafia-klemensow.pl\/index.php\/wp-json\/wp\/v2\/media?parent=4437"}],"curies":[{"name":"wp","href":"https:\/\/api.w.org\/{rel}","templated":true}]}}