{"id":744,"date":"2017-05-05T11:45:30","date_gmt":"2017-05-05T09:45:30","guid":{"rendered":"http:\/\/parafia-klemensow.pl\/?page_id=744"},"modified":"2026-05-09T20:34:38","modified_gmt":"2026-05-09T18:34:38","slug":"ogloszenia-parafialne","status":"publish","type":"page","link":"https:\/\/parafia-klemensow.pl\/index.php\/ogloszenia-parafialne\/","title":{"rendered":"Og\u0142oszenia parafialne"},"content":{"rendered":"\t\t<div data-elementor-type=\"wp-page\" data-elementor-id=\"744\" class=\"elementor elementor-744\" data-elementor-settings=\"[]\">\n\t\t\t\t\t\t<div class=\"elementor-inner\">\n\t\t\t\t\t\t\t<div class=\"elementor-section-wrap\">\n\t\t\t\t\t\t\t<section class=\"elementor-section elementor-top-section elementor-element elementor-element-e616305 elementor-section-boxed elementor-section-height-default elementor-section-height-default\" data-id=\"e616305\" data-element_type=\"section\">\n\t\t\t\t\t\t<div class=\"elementor-container elementor-column-gap-default\">\n\t\t\t\t\t\t\t<div class=\"elementor-row\">\n\t\t\t\t\t<div class=\"elementor-column elementor-col-100 elementor-top-column elementor-element elementor-element-37586dc8\" data-id=\"37586dc8\" data-element_type=\"column\">\n\t\t\t<div class=\"elementor-column-wrap elementor-element-populated\">\n\t\t\t\t\t\t\t<div class=\"elementor-widget-wrap\">\n\t\t\t\t\t\t<div class=\"elementor-element elementor-element-d366f47 elementor-widget elementor-widget-text-editor\" data-id=\"d366f47\" data-element_type=\"widget\" data-widget_type=\"text-editor.default\">\n\t\t\t\t<div class=\"elementor-widget-container\">\n\t\t\t\t\t\t\t\t<div class=\"elementor-text-editor elementor-clearfix\">\n\t\t\t\t\t<p><strong>\u00a0<\/strong><\/p><p><strong>\u00a0\u00a0\u00a0\u00a0\u00a0 VI\u00a0 NIEDZIELA WIELKANOCNA \u201310\u00a0 MAJA 2026 R. <\/strong><\/p><p><strong>\u00a0\u00a0\u00a0\u00a0\u00a0\u00a0 <\/strong><strong>\u00a0\u00a0\u00a0<\/strong><\/p><p>\u00a0<\/p><ol><li>Dzisiaj o godzinie 15.00 w remizie OSP w Michalowie b\u0119dzie spotkanie dla mieszka\u0144c\u00f3w Michalowa ul. Zielona. Tematem spotkania b\u0119dzie om\u00f3wienie kwestii zwi\u0105zanych z postawieniem nowego krzy\u017ca przy\u00a0 ul. Zielonej.<\/li><\/ol><p>\u00a0<\/p><ol start=\"2\"><li>Od jutra rozpoczynaj\u0105 si\u0119 doroczne Dni modlitw o urodzaje i za kraje g\u0142oduj\u0105ce. Nich nie zabraknie i naszej modlitwy w tych intencjach.<\/li><\/ol><p>\u00a0<\/p><ol start=\"3\"><li>W poniedzia\u0142ek po Mszy o godzinie 17.00 b\u0119dzie spotkanie dla dzieci przygotowuj\u0105cych si\u0119 do I Komunii \u015bw.<\/li><\/ol><p>\u00a0<\/p><ol start=\"4\"><li>We wtorek po Mszy o godzinie 17.00 b\u0119dzie spotkanie dla dzieci klas czwartych, kt\u00f3ra \u00a0za dwa tygodnie b\u0119d\u0105 prze\u017cywa\u0107 Rocznic\u0119 swojej Pierwszej Komunii \u015bw.<\/li><\/ol><p>\u00a0<\/p><ol start=\"5\"><li>We wtorek od godziny 20.00 \u2013 21.00 b\u0119dzie adoracja Naj\u015bwi\u0119tszego Sakramentu po\u0142\u0105czona z modlitw\u0105 o wylanie dar\u00f3w Ducha \u015awi\u0119tego.<\/li><\/ol><p>\u00a0<\/p><ol start=\"6\"><li>W \u015brod\u0119 rozpoczyna si\u0119 czas nabo\u017ce\u0144stw fatimski. A w naszej wsp\u00f3lnocie ka\u017cdego 13 miesi\u0105ca mamy Msze \u015bwi\u0119t\u0105 w intencji naszej Ojczyzny i pokoju na \u015bwiecie. Serdecznie zapraszamy\u00a0 do modlitwy w intencjach\u00a0 tak wa\u017cnych , ale my\u015bl\u0119 , \u017ce\u00a0 i bliskich \u00a0naszemu sercu.<\/li><\/ol><p>\u00a0<\/p><ol start=\"7\"><li>W czwartek w liturgii Ko\u015bcio\u0142a b\u0119dziemy prze\u017cywa\u0107 \u015bwi\u0119to ku czci \u015bwi\u0119tego Macieja\u00a0 , Aposto\u0142a; w sobot\u0119 \u015bwi\u0119to ku czci\u00a0 \u015bwi\u0119tego Andrzeja Boboli , prezbitera , m\u0119czennika,\u00a0 patrona Polski.<\/li><\/ol><p>\u00a0<\/p><ol start=\"8\"><li>W przysz\u0142\u0105 niedziele b\u0119dziemy prze\u017cywa\u0107 Uroczysto\u015b\u0107 Wniebowst\u0105pienia Pana Jezusa. W tym dniu o godzinie 10.00 dzieci z klas trzecich naszych szk\u00f3\u0142 po raz pierwszy przyst\u0105pi\u0105\u00a0 do Komunii \u015bwi\u0119tej. Wi\u0119kszo\u015b\u0107 \u0142awek b\u0119dzie zarezerwowana dla rodzic\u00f3w dzieci pierwszokomunijnych,\u00a0 dlatego bardzo prosz\u0119 \u017ceby\u00a0 wybiera\u0107\u00a0 \u00a0 inne godziny Mszy \u015bw. Taca z przysz\u0142ej niedzieli b\u0119dzie przeznaczona na \u00a0nasze Seminarium duchowne .<\/li><\/ol><p>\u00a0<\/p><ol start=\"9\"><li>\u201eB\u00f3g zap\u0142a\u0107\u201d za posprz\u0105tanie ko\u015bcio\u0142a paniom :\u00a0 Ma\u0142gorzacie Skuba, Gra\u017cynie Ciurysek, Ma\u0142gorzacie Skuba ;\u00a0 panom : Bogdanowi Wr\u00f3bel, Dariuszowie Barwi\u0144skiemu oraz pa\u0144stwu Magdalenie i\u00a0 \u0141ukaszowi Kur .\u00a0 \u00a0Dzi\u0119kuj\u0119 za kwiaty do ko\u015bcio\u0142a do kt\u00f3rych do\u0142o\u017cy\u0142y\u00a0 si\u0119 panie : Genowefa Salamon i Krystyna Skuba . \u00a0O posprz\u0105tanie ko\u015bcio\u0142a i terenu przyko\u015bcielnego prosz\u0119 rodzic\u00f3w\u00a0 dzieci pierwszokomunijnych. \u00a0<\/li><\/ol><p>\u00a0<\/p><ol start=\"10\"><li>\u201eB\u00f3g zap\u0142a\u0107\u201d za ofiary na ko\u015bci\u00f3\u0142 : bezimienn\u0105 z Bodaczowa \u2013 200,0 z\u0142; bezimienn\u0105 z Michalowa \u2013 100,0 z\u0142.\u00a0<\/li><\/ol><p>\u00a0<\/p><ol start=\"11\"><li>Biuro Turystyczne QUAND organizuje 3-dniow\u0105 wycieczk\u0119 do Wilna, Trok i Druskiennik w terminie 04\u201306.06.2026 r.. Cena za osob\u0119 wynosi \u00a01295 z\u0142, a program obejmuje zwiedzanie najwa\u017cniejszych zabytk\u00f3w Litwy. Wyjazd \u00a0z Zamo\u015bcia. Bli\u017csze informacje mo\u017cna uzyska\u0107 w zakrystii.<\/li><\/ol><p>\u00a0<\/p><ol start=\"12\"><li>Duszpasterstwo M\u0142odzie\u017cy naszej Diecezji zaprasza na Spotkanie M\u0142odych na Polach lednickich, kt\u00f3re odb\u0119dzie si\u0119 6 czerwca. W dniach 6-7 czerwca b\u0119dzie wsp\u00f3lny wyjazd na to spotkanie z naszej Diecezji. Bli\u017csze informacje\u00a0 mo\u017cna uzyska\u0107 w zakrystii lub na stronie internetowej . Zapisy do 17 maja.<\/li><\/ol><p>\u00a0<\/p><ol start=\"13\"><li>Siostry Franciszkanki Misjonarki Maryi zapraszaj\u0105 na rekolekcje majowe w\u00a0\u0141abuniach. W\u00a0maju odb\u0119d\u0105 si\u0119 trzy turnusy skierowane do uczni\u00f3w szk\u00f3\u0142 podstawowych, m\u0142odzie\u017cy szk\u00f3\u0142 \u015brednich oraz student\u00f3w i\u00a0m\u0142odych doros\u0142ych.<\/li><\/ol><ul><li>15\u201317 maja\u00a0\u2013 dla uczni\u00f3w\u00a0szk\u00f3\u0142 podstawowych, kl. 6\u20138\u00a0<\/li><li>22\u201324 maja\u00a0\u2013 dla\u00a0student\u00f3w i\u00a0m\u0142odych doros\u0142ych<\/li><li>29\u201331 maja\u00a0\u2013 dla uczni\u00f3w\u00a0szk\u00f3\u0142 \u015brednic<\/li><\/ul><ol start=\"14\"><li>Pod ch\u00f3rem jest tygodnika \u201eNiedziela\u201d a dla dzieci nowy numer miesi\u0119cznik \u201ePromyczek Dobra\u201d . Zach\u0119cam do lektury tej katolickiej prasy.<\/li><\/ol><p>\u00a0<\/p><ol start=\"15\"><li>Zmar\u0142 Dariusz Hordej z Bodaczowa Osiedla. Pogrzeb b\u0119dzie w \u015brod\u0119 o godzinie 14.00. Wcze\u015bniej b\u0119dzie modlitwa r\u00f3\u017ca\u0144cowa. Pom\u00f3dlmy si\u0119 w jego intencji \u2026.<\/li><\/ol><p><strong>\u00a0<\/strong><\/p><p><strong>\u00a0\u00a0\u00a0\u00a0\u00a0\u00a0 V\u00a0 NIEDZIELA WIELKANOCNA \u201303 MAJA 2026 R. <\/strong><\/p><p><strong>\u00a0\u00a0\u00a0\u00a0\u00a0\u00a0 <\/strong><strong>\u00a0\u00a0\u00a0\u00a0<\/strong><\/p><ol><li>Dzisiejsza niedziela jest pierwsz\u0105 niedziel\u0105 miesi\u0105ca. Dla r\u00f3\u017ca\u0144cowych podaj\u0119 intencje modlitw : <strong>Aby wszyscy &#8211; od wielkich producent\u00f3w do drobnych konsument\u00f3w \u2013 unikali marnowania \u017cywno\u015bci i d\u0105\u017cyli do zapewnienia ka\u017cdemu dost\u0119pu do po\u017cywienia dobrej jako\u015bci. <\/strong>Dzi\u015b zmiana Tajemnic r\u00f3\u017ca\u0144cowych.<\/li><\/ol><ol start=\"2\"><li>W poniedzia\u0142ek w liturgii Ko\u015bcio\u0142a b\u0119dziemy wspomina\u0107 \u015bw. Floriana , m\u0119czennika; w \u015brod\u0119 b\u0119dziemy prze\u017cywa\u0107 \u015bwi\u0119to ku czci \u015bwi\u0119tych Filipa i Jakuba , Aposto\u0142\u00f3w; w pi\u0105tek uroczysto\u015b\u0107 ku czci \u015bw. Stanis\u0142awa , biskupa, m\u0119czennika, g\u0142\u00f3wnego Patrona Polski. Z tej racji w pi\u0105tek nie obowi\u0105zuje post.<\/li><\/ol><ol start=\"3\"><li>W poniedzia\u0142ek po Mszy o godzinie 17.00 b\u0119dzie spotkanie dla dzieci przygotowuj\u0105cych si\u0119 do I Komunii \u015bw.<\/li><\/ol><ol start=\"4\"><li>We wtorek od godziny 15.00 b\u0119dzie przyjmowa\u0142 na plebani pan Tadeusz Czarny, kr\u0119garz i masa\u017cysta.<\/li><\/ol><ol start=\"5\"><li>We wtorek od godziny 20.00 \u2013 21.00 b\u0119dzie adoracja Naj\u015bwi\u0119tszego Sakramentu po\u0142\u0105czona z modlitw\u0105 o wylanie dar\u00f3w Ducha \u015awi\u0119tego.<\/li><\/ol><ol start=\"6\"><li>Taca z przysz\u0142ej niedzieli b\u0119dzie przeznaczona na zakup opalu do ogrzewania naszej\u00a0 \u015bwi\u0105tyni.\u00a0<\/li><\/ol><ol start=\"7\"><li>Nabo\u017ce\u0144stwa majowe w naszej parafii s\u0105 codziennie po Mszy \u015bwi\u0119tej o godzinie 17.00. W niedziel\u0119 po Mszy o godzinie 12.00 .<\/li><\/ol><ol start=\"8\"><li>\u201eB\u00f3g zap\u0142a\u0107\u201d za posprz\u0105tanie ko\u015bcio\u0142a paniom : Agacie Tyszko , Marzenie K\u0142us, Annie Waga, Dorocie Wiatrowskiej,\u00a0 Renacie\u00a0 Wo\u0142och z m\u0119\u017cem Stanis\u0142awem , Sylwii Malec, Monice Wr\u00f3bel. Dzi\u0119kuj\u0119 za kwiaty do ko\u015bcio\u0142a i ofiar\u0119 na\u00a0\u00a0 ko\u015bcio\u0142a w wysoko\u015bci\u00a0 170,0 z\u0142. , do kt\u00f3rych do\u0142o\u017cy\u0142y \u00a0si\u0119 panie : Gra\u017cyna Huk, Helena Pasieka, Krystyna Dziadosz, Krystyna Skwary\u0142o. O posprz\u0105tanie ko\u015bcio\u0142a w sobot\u0119 prosz\u0119 panie z Bodaczowa.<\/li><\/ol><ol start=\"9\"><li>\u201eB\u00f3g zap\u0142a\u0107\u201d paniom z Bodaczowa i Michalowa za prace wykonane na klombach przy ko\u015bciele i plebanii.<\/li><\/ol><ol start=\"10\"><li>\u201eB\u00f3g zap\u0142a\u0107\u201d za ofiar\u0119 bezimienn\u0105 na ko\u015bci\u00f3\u0142 z Bodaczowa Osiedla \u2013 500,0 z\u0142.<\/li><\/ol><ol start=\"11\"><li>Duszpasterstwo M\u0142odzie\u017cy naszej Diecezji zaprasza na Spotkanie M\u0142odych na Polach lednickich, kt\u00f3re odb\u0119dzie si\u0119 6 czerwca. W dniach 6-7 czerwca\u00a0 b\u0119dzie wsp\u00f3lny wyjazd na to spotkanie z naszej Diecezji. Bli\u017csze informacje\u00a0 mo\u017cna uzyska\u0107 w zakrystii lub na stronie internetowej . Zapisy do 17 maja.<\/li><\/ol><ol start=\"12\"><li>Siostry Franciszkanki Misjonarki Maryi zapraszaj\u0105 na rekolekcje majowe w\u00a0\u0141abuniach. W\u00a0maju odb\u0119d\u0105 si\u0119 trzy turnusy skierowane do uczni\u00f3w szk\u00f3\u0142 podstawowych, m\u0142odzie\u017cy szk\u00f3\u0142 \u015brednich oraz student\u00f3w i\u00a0m\u0142odych doros\u0142ych.<\/li><\/ol><ul><li>15\u201317 maja\u00a0\u2013 dla uczni\u00f3w\u00a0szk\u00f3\u0142 podstawowych, kl. 6\u20138\u00a0<\/li><li>22\u201324 maja\u00a0\u2013 dla\u00a0student\u00f3w i\u00a0m\u0142odych doros\u0142ych<\/li><li>29\u201331 maja\u00a0\u2013 dla uczni\u00f3w\u00a0szk\u00f3\u0142 \u015brednic<\/li><\/ul><ol start=\"13\"><li>W\u00a0dniach 23\u201324 maja 2026 r. w\u00a0Wy\u017cszym Seminarium Diecezji Zamojsko-Lubaczowskiej w\u00a0Lublinie odb\u0119dzie si\u0119 dzie\u0144 skupienia dla m\u0142odych m\u0119\u017cczyzn, kt\u00f3rzy rozeznaj\u0105 powo\u0142anie kap\u0142a\u0144skie i\u00a0my\u015bl\u0105 o\u00a0wst\u0105pieniu do seminarium. Bli\u017csze informacje mo\u017cna uzyska\u0107 w zakrystii lub ze strony internetowej Seminarium.<\/li><\/ol><ol start=\"14\"><li>Pod ch\u00f3rem jest tygodnika \u201eNiedziela\u201d i dwumiesi\u0119cznik \u201eTrwajcie w mi\u0142o\u015bci\u201d a dla dzieci nowy numer miesi\u0119cznik \u201ePromyczek Dobra\u201d . Zach\u0119cam do lektury tej katolickiej prasy.<\/li><\/ol><ol start=\"15\"><li>W minionym tygodniu po\u017cegnali\u015bmy z naszej wsp\u00f3lnoty Krzysztofa Kowalczyk z Deszkowic Drugich. Pom\u00f3dlmy si\u0119 w jego intencji \u2026<\/li><\/ol><p><strong>\u00a0<\/strong><\/p><p><strong>\u00a0\u00a0<\/strong><\/p><p><strong>\u00a0\u00a0 <\/strong><\/p><p><strong>\u00a0\u00a0\u00a0\u00a0\u00a0<\/strong><\/p><p><strong>\u00a0<\/strong><\/p><p><strong>\u00a0\u00a0<\/strong><\/p><p><strong>\u00a0\u00a0\u00a0\u00a0\u00a0\u00a0<\/strong><\/p>\t\t\t\t\t<\/div>\n\t\t\t\t\t\t<\/div>\n\t\t\t\t<\/div>\n\t\t\t\t<div class=\"elementor-element elementor-element-5f0228f1 elementor-widget elementor-widget-text-editor\" data-id=\"5f0228f1\" data-element_type=\"widget\" data-widget_type=\"text-editor.default\">\n\t\t\t\t<div class=\"elementor-widget-container\">\n\t\t\t\t\t\t\t\t<div class=\"elementor-text-editor elementor-clearfix\">\n\t\t\t\t\t\t\t\t\t\t<\/div>\n\t\t\t\t\t\t<\/div>\n\t\t\t\t<\/div>\n\t\t\t\t\t\t<\/div>\n\t\t\t\t\t<\/div>\n\t\t<\/div>\n\t\t\t\t\t\t\t\t<\/div>\n\t\t\t\t\t<\/div>\n\t\t<\/section>\n\t\t\t\t\t\t<\/div>\n\t\t\t\t\t\t<\/div>\n\t\t\t\t\t<\/div>\n\t\t","protected":false},"excerpt":{"rendered":"<p>\u00a0 \u00a0\u00a0\u00a0\u00a0\u00a0 VI\u00a0 NIEDZIELA WIELKANOCNA \u201310\u00a0 MAJA 2026 R. \u00a0\u00a0\u00a0\u00a0\u00a0\u00a0 \u00a0\u00a0\u00a0 \u00a0 Dzisiaj o godzinie 15.00 w remizie OSP w Michalowie b\u0119dzie [&hellip;]<\/p>\n","protected":false},"author":5,"featured_media":0,"parent":0,"menu_order":0,"comment_status":"closed","ping_status":"closed","template":"","meta":{"footnotes":""},"class_list":["post-744","page","type-page","status-publish","hentry"],"wppr_data":{"cwp_meta_box_check":"No"},"_links":{"self":[{"href":"https:\/\/parafia-klemensow.pl\/index.php\/wp-json\/wp\/v2\/pages\/744","targetHints":{"allow":["GET"]}}],"collection":[{"href":"https:\/\/parafia-klemensow.pl\/index.php\/wp-json\/wp\/v2\/pages"}],"about":[{"href":"https:\/\/parafia-klemensow.pl\/index.php\/wp-json\/wp\/v2\/types\/page"}],"author":[{"embeddable":true,"href":"https:\/\/parafia-klemensow.pl\/index.php\/wp-json\/wp\/v2\/users\/5"}],"replies":[{"embeddable":true,"href":"https:\/\/parafia-klemensow.pl\/index.php\/wp-json\/wp\/v2\/comments?post=744"}],"version-history":[{"count":777,"href":"https:\/\/parafia-klemensow.pl\/index.php\/wp-json\/wp\/v2\/pages\/744\/revisions"}],"predecessor-version":[{"id":5702,"href":"https:\/\/parafia-klemensow.pl\/index.php\/wp-json\/wp\/v2\/pages\/744\/revisions\/5702"}],"wp:attachment":[{"href":"https:\/\/parafia-klemensow.pl\/index.php\/wp-json\/wp\/v2\/media?parent=744"}],"curies":[{"name":"wp","href":"https:\/\/api.w.org\/{rel}","templated":true}]}}