{"id":748,"date":"2017-05-05T11:48:34","date_gmt":"2017-05-05T09:48:34","guid":{"rendered":"http:\/\/parafia-klemensow.pl\/?page_id=748"},"modified":"2026-05-09T20:38:53","modified_gmt":"2026-05-09T18:38:53","slug":"intencje-mszalne","status":"publish","type":"page","link":"https:\/\/parafia-klemensow.pl\/index.php\/intencje-mszalne\/","title":{"rendered":"Intencje mszalne"},"content":{"rendered":"\t\t<div data-elementor-type=\"wp-page\" data-elementor-id=\"748\" class=\"elementor elementor-748\" data-elementor-settings=\"[]\">\n\t\t\t\t\t\t<div class=\"elementor-inner\">\n\t\t\t\t\t\t\t<div class=\"elementor-section-wrap\">\n\t\t\t\t\t\t\t<section class=\"elementor-section elementor-top-section elementor-element elementor-element-6ec6094 elementor-section-boxed elementor-section-height-default elementor-section-height-default\" data-id=\"6ec6094\" data-element_type=\"section\">\n\t\t\t\t\t\t<div class=\"elementor-container elementor-column-gap-default\">\n\t\t\t\t\t\t\t<div class=\"elementor-row\">\n\t\t\t\t\t<div class=\"elementor-column elementor-col-100 elementor-top-column elementor-element elementor-element-f95ca39\" data-id=\"f95ca39\" data-element_type=\"column\">\n\t\t\t<div class=\"elementor-column-wrap elementor-element-populated\">\n\t\t\t\t\t\t\t<div class=\"elementor-widget-wrap\">\n\t\t\t\t\t\t<div class=\"elementor-element elementor-element-c07a694 elementor-drop-cap-yes elementor-drop-cap-view-default elementor-widget elementor-widget-text-editor\" data-id=\"c07a694\" data-element_type=\"widget\" data-settings=\"{&quot;drop_cap&quot;:&quot;yes&quot;}\" data-widget_type=\"text-editor.default\">\n\t\t\t\t<div class=\"elementor-widget-container\">\n\t\t\t\t\t\t\t\t<div class=\"elementor-text-editor elementor-clearfix\">\n\t\t\t\t\t<p><strong>\u00a0\u00a0\u00a0\u00a0\u00a0\u00a0\u00a0 \u00a0\u00a0\u00a0\u00a0\u00a0\u00a0INTENCJE MSZALNE OD\u00a0\u00a0 11- 17\u00a0 MAJA\u00a0 2026<\/strong><\/p><p><strong>\u00a0<\/strong><\/p><table width=\"628\"><tbody><tr><td width=\"151\"><h3><strong>DZIE\u0143 <\/strong><\/h3><\/td><td width=\"71\"><strong>GODZ. <\/strong><\/td><td width=\"406\"><strong>W\u00a0\u00a0 JAKIEJ\u00a0\u00a0 INTENCJI<\/strong><\/td><\/tr><tr><td rowspan=\"5\" width=\"151\"><strong>PONIEDZIA\u0141EK <\/strong><\/td><td width=\"71\">7.00<\/td><td width=\"406\">O Bo\u017ce b\u0142ogos\u0142awie\u0144stwo, opiek\u0119 Matki Bo\u017cej , zdrowie i potrzebne \u0142aski dla Teresy z okazji urodzin.<\/td><\/tr><tr><td width=\"71\">7.00<\/td><td width=\"406\">O \u0142ask\u0119 zdrowia dla Bogdana<\/td><\/tr><tr><td width=\"71\">17.00<\/td><td width=\"406\">+ \u017buk\u00f3w, Godzisz\u00f3w<\/td><\/tr><tr><td width=\"71\">17.00<\/td><td width=\"406\">+ Irena Ochma\u0144ska (of. rodz. Ha\u0142asa z Zamo\u015bcia\u00a0 i kole\u017canki Olesi z rodz. )<\/td><\/tr><tr><td width=\"71\">17.00<\/td><td width=\"406\"><strong>+ Agnieszka Wiszniewska (<\/strong>of. rodz. Karpiuk)<\/td><\/tr><tr><td rowspan=\"5\" width=\"151\">WTOREK<\/td><td width=\"71\">7.00<\/td><td width=\"406\">+ Matwiejczuk\u00f3w, Chmiel\u00f3w, Klupi\u0144skich, Popielc\u00f3w<\/td><\/tr><tr><td width=\"71\">7.00<\/td><td width=\"406\">+ Zofia Lila \u0141upina<\/td><\/tr><tr><td width=\"71\">17.00<\/td><td width=\"406\">+ Kazimierz Pieklak (2r.\u015b.)<\/td><\/tr><tr><td width=\"71\">17.00<\/td><td width=\"406\">\u00a0+ Dariusz (12r.\u015b.), Czes\u0142awa (ona), Tadeusz Kupiec<\/td><\/tr><tr><td width=\"71\">17.00<\/td><td width=\"406\">+ Aleksander, Marian, Zofia, Zdzis\u0142aw Koziej<\/td><\/tr><tr><td rowspan=\"5\" width=\"151\"><strong>\u015aRODA <\/strong><\/td><td width=\"71\">7.00<\/td><td width=\"406\">Dzi\u0119kczynna w 46 rocznic\u0119 urodzin Doroty z pro\u015bb\u0105 o Bo\u017ce b\u0142ogos\u0142awie\u0144stwo, opiek\u0119 Matki Bo\u017cej Nieustaj\u0105cej Pomocy i potrzebne \u0142aski.<\/td><\/tr><tr><td width=\"71\">7.00<\/td><td width=\"406\">+ Milena Rataj (ur.)<\/td><\/tr><tr><td width=\"71\">17.00<\/td><td width=\"406\">Za Ojczyzn\u0119 , o jedno\u015b\u0107 Polak\u00f3w i pok\u00f3j na \u015bwiecie.<\/td><\/tr><tr><td width=\"71\">17.00<\/td><td width=\"406\">+ Waldemar Wo\u0142och (of. Jana i Marioli Lisiczka z rodz.)<\/td><\/tr><tr><td width=\"71\">17.00<\/td><td width=\"406\">+ Zofia, Walenty, Wac\u0142aw, Zofia, Stanis\u0142aw,\u00a0 Mieczys\u0142aw, Micha\u0142 + Wr\u00f3bel<\/td><\/tr><tr><td rowspan=\"4\" width=\"151\"><p><strong>CZWARTEK<\/strong><\/p><p><strong>\u00a0<\/strong><\/p><\/td><td width=\"71\">7.00<\/td><td width=\"406\">+ Jan Kawala (co mies.)<\/td><\/tr><tr><td width=\"71\">7.00<\/td><td width=\"406\">+ Jan Po\u017adzik (of. Waldemara i Henryka Pa\u0144czyk)<\/td><\/tr><tr><td width=\"71\">17.00<\/td><td width=\"406\">+ Marian, Marianna Antoszek<\/td><\/tr><tr><td width=\"71\">17.00<\/td><td width=\"406\">+ Sylwester Pir\u00f3g (6r.\u015b.)<\/td><\/tr><tr><td rowspan=\"5\" width=\"151\"><strong>PI\u0104TEK<\/strong><\/td><td width=\"71\">7.00<\/td><td width=\"406\">+ Krzysztof J\u00f3\u017awiak (2r.\u015b.)<\/td><\/tr><tr><td width=\"71\">7.00<\/td><td width=\"406\">+ Zdzis\u0142aw Nizio (2r.\u015b.)<\/td><\/tr><tr><td width=\"71\">17.00<\/td><td width=\"406\">+ Antoni Pala; J\u00f3zefa (ona), W\u0142adys\u0142aw Giza<\/td><\/tr><tr><td width=\"71\">17.00<\/td><td width=\"406\">+ Jan, Maria, Boles\u0142aw, Jan Lipskich<\/td><\/tr><tr><td width=\"71\">17.00<\/td><td width=\"406\">+ Tadeusz Karol (16r.\u015b.)<\/td><\/tr><tr><td rowspan=\"6\" width=\"151\"><p><strong>SOBOTA <\/strong><\/p><p><strong>\u00a0<\/strong><\/p><\/td><td width=\"71\">7.00<\/td><td width=\"406\">+ Stanis\u0142awa (ona) Ordyniec (of. Teodory Popek z rodz.)<\/td><\/tr><tr><td width=\"71\">7.00<\/td><td width=\"406\">+ Anna Kowalczyk w 30 dzie\u0144 po \u015bmierci.<\/td><\/tr><tr><td width=\"71\">10.00<\/td><td width=\"406\">\u00a0Chrzest Nikola<\/td><\/tr><tr><td width=\"71\">17.00<\/td><td width=\"406\">+ Justyna Baran (10r.\u015b.); Maria, Bazyli Telep<\/td><\/tr><tr><td width=\"71\">17.00<\/td><td width=\"406\">+ Marianna, Marian Antoszk\u00f3w; J\u00f3zefa (ona), Wac\u0142aw Pa\u0144czyk<\/td><\/tr><tr><td width=\"71\">17.00<\/td><td width=\"406\">+ W\u0142adys\u0142awa (ona), Franciszek, Krzysztof Moskwa; Jaros\u0142aw Lewandowski; Marianna, Antoni Adamczuk<\/td><\/tr><tr><td rowspan=\"7\" width=\"151\"><p><strong>NIEDZIELA <\/strong><\/p><p><strong>\u00a0<\/strong><\/p><\/td><td width=\"71\">8.00<\/td><td width=\"406\">+ Jan Bednarz (10r.\u015b.) + Kozin\u00f3w<\/td><\/tr><tr><td width=\"71\">8.00<\/td><td width=\"406\">+ Boles\u0142aw, Natalia, Miros\u0142aw, Jan, Katarzyna Duda; Marek, Agnieszka Chmiel; Andrzej Barwi\u0144ski<\/td><\/tr><tr><td width=\"71\">8.00<\/td><td width=\"406\">+ Wojciech Dani\u0142ow (of. rodz. Korona)<\/td><\/tr><tr><td width=\"71\">10.00<\/td><td width=\"406\">\u00a0W intencji dzieci przyst\u0119puj\u0105cych do Pierwszej Komunii \u015bwi\u0119tej.<\/td><\/tr><tr><td width=\"71\">10.00<\/td><td width=\"406\">+ Henryka (ona) \u00a0Matwiejczuk (6r.\u015b.)<\/td><\/tr><tr><td width=\"71\">12.00<\/td><td width=\"406\">Za Parafian<\/td><\/tr><tr><td width=\"71\">12.00<\/td><td width=\"406\">+ Teresa Fedec (co mies.)<\/td><\/tr><\/tbody><\/table><p><strong>\u00a0<\/strong><\/p><p><strong>\u00a0\u00a0\u00a0\u00a0\u00a0\u00a0\u00a0\u00a0\u00a0\u00a0 \u00a0\u00a0\u00a0INTENCJE MSZALNE OD \u00a0\u00a004 \u2013 10 MAJA \u00a02026<\/strong><\/p><p><strong>\u00a0<\/strong><\/p><table width=\"628\"><tbody><tr><td width=\"151\"><h3><strong>DZIE\u0143 <\/strong><\/h3><\/td><td width=\"71\"><strong>GODZ. <\/strong><\/td><td width=\"406\"><strong>W\u00a0\u00a0 JAKIEJ\u00a0\u00a0 INTENCJI<\/strong><\/td><\/tr><tr><td rowspan=\"4\" width=\"151\"><strong>PONIEDZIA\u0141EK <\/strong><\/td><td width=\"71\">7.00<\/td><td width=\"406\">+ Krzysztof Kowalczyk w 7 dzie\u0144 po \u015bmierci.<\/td><\/tr><tr><td width=\"71\">17.00<\/td><td width=\"406\">+ Zofia Pa\u0144czyk ( 4 r .\u015b.)<\/td><\/tr><tr><td width=\"71\">17.00<\/td><td width=\"406\">+ Aniela Malicka (of. Antoniego i Ewy)<\/td><\/tr><tr><td width=\"71\">17.00<\/td><td width=\"406\">Za dusze w czy\u015b\u0107cu cierpi\u0105ce (of. p. Samulak)<\/td><\/tr><tr><td rowspan=\"4\" width=\"151\">WTOREK<\/td><td width=\"71\">7.00<\/td><td width=\"406\"><strong>+ Barbara Baran<\/strong> (of. rodz. Zgnilec)<\/td><\/tr><tr><td width=\"71\">17.00<\/td><td width=\"406\">+ Ryszard Moskwa (r. \u015b.); Helena, Izabela, Adolf Moskwa; Dariusz Duchnycz<\/td><\/tr><tr><td width=\"71\">17.00<\/td><td width=\"406\">+\u00a0 Tadeusz Tracz (15r.\u015b.), Krystyna (4r.\u015b.), Aniela, W\u0142adys\u0142aw, Marianna Tracz; Adam, Stanis\u0142awa (ona) Ostasz<\/td><\/tr><tr><td width=\"71\">17.00<\/td><td width=\"406\">+ Maria Kowalczyk (of. Ireny Samulak z rodz.)<\/td><\/tr><tr><td rowspan=\"5\" width=\"151\"><strong>\u015aRODA <\/strong><\/td><td width=\"71\">7.00<\/td><td width=\"406\">Dzi\u0119kczynna w 6 rocznic\u0119 urodzin Olafa z pro\u015bb\u0105 o Bo\u017ce b\u0142ogos\u0142awie\u0144stwo, opiek\u0119 Matki Naj\u015bwi\u0119tszej\u00a0\u00a0\u00a0\u00a0\u00a0\u00a0\u00a0\u00a0\u00a0\u00a0 i Anio\u0142\u00f3w Str\u00f3\u017c\u00f3w dla Niego i jego rodzic\u00f3w.<\/td><\/tr><tr><td width=\"71\">7.00<\/td><td width=\"406\">+ J\u00f3zef Wodzi\u0144ski (19r.\u015b.), Marianna Wodzi\u0144ska; Zofia, Stanis\u0142aw Bednarz; Weronika, Jan \u017b\u0142\u00f3b ; Feliksa (ona), W\u0142adys\u0142aw Jachtoma; Wies\u0142aw Duda<\/td><\/tr><tr><td width=\"71\">17.00<\/td><td width=\"406\">O Bo\u017ce b\u0142ogos\u0142awie\u0144stwo, opiek\u0119 Matki Naj\u015bwi\u0119tszej i potrzebne \u0142aski dla Patryka.<\/td><\/tr><tr><td width=\"71\">17.00<\/td><td width=\"406\">+ Stanis\u0142aw, Kazimiera (ona), Stefan Prokopczyk<\/td><\/tr><tr><td width=\"71\">17.00<\/td><td width=\"406\">+ Zygmunt Bednarz (7r.\u015b.)<\/td><\/tr><tr><td rowspan=\"3\" width=\"151\"><p><strong>CZWARTEK<\/strong><\/p><p><strong>\u00a0<\/strong><\/p><\/td><td width=\"71\">7.00<\/td><td width=\"406\">+ Adolf Kurek (of. chrze\u015bnicy Renaty\u00a0 z rodz.)<\/td><\/tr><tr><td width=\"71\">17.00<\/td><td width=\"406\">Dzi\u0119kczynna w 4 rocznic\u0119 \u015blubu Magdaleny i \u0141ukasza Kur z pro\u015bb\u0105 o dalsze Bo\u017ce b\u0142ogos\u0142awie\u0144stwo, opiek\u0119 Matki Naj\u015bwi\u0119tszej i potrzebne \u0142aski dla Rodziny.<\/td><\/tr><tr><td width=\"71\">17.00<\/td><td width=\"406\">+ Tomasz Nowak (of. Barbary Kalman z rodz.)<\/td><\/tr><tr><td rowspan=\"4\" width=\"151\"><strong>PI\u0104TEK<\/strong><\/td><td width=\"71\">7.00<\/td><td width=\"406\">+ Stanis\u0142awa (ona) (20r.\u015b.), Edward (13r.\u015b.) Szponar; Szponar\u00f3w, Stop\u00f3w, Butry\u0144skich; W\u0142adys\u0142awa (ona) Ciurysek<\/td><\/tr><tr><td width=\"71\">17.00<\/td><td width=\"406\">+ Rozalia, Jan Kupiec; Marianna, Jan K\u0142us<\/td><\/tr><tr><td width=\"71\">17.00<\/td><td width=\"406\">+ Henryk Wr\u00f3bel (of. kuzynki z Zawady)<\/td><\/tr><tr><td width=\"71\">17.00<\/td><td width=\"406\">+ Stanis\u0142aw Magdziak (co mies.)<\/td><\/tr><tr><td rowspan=\"6\" width=\"151\"><p><strong>SOBOTA <\/strong><\/p><p><strong>\u00a0<\/strong><\/p><\/td><td width=\"71\">7.00<\/td><td width=\"406\">Za dusze w czy\u015b\u0107cu cierpi\u0105ce.<\/td><\/tr><tr><td width=\"71\">7.00<\/td><td width=\"406\">+ Marian (36r.\u015b.), Albina(ona), Jan, Michalina Kobylarz; Franciszka(ona), Jakub \u017buk<\/td><\/tr><tr><td width=\"71\">12.00<\/td><td width=\"406\">\u00a0chrzest Adela \/ \u00a0Antoni<\/td><\/tr><tr><td width=\"71\">17.00<\/td><td width=\"406\">Dzi\u0119kczynna w 70 rocznic\u0119 urodzin Stanis\u0142awa z pro\u015bb\u0105 o Bo\u017ce b\u0142ogos\u0142awie\u0144stwo, opiek\u0119 Matki Bo\u017cej Nieustaj\u0105cej Pomocy,\u00a0 zdrowie i potrzebne \u0142aski.<\/td><\/tr><tr><td width=\"71\">17.00<\/td><td width=\"406\">\u00a0+ Roman Jakubczak (16r.\u015b.)<\/td><\/tr><tr><td width=\"71\">17.00<\/td><td width=\"406\">O szcz\u0119\u015bliwe rozwi\u0105zanie dla Julii.<\/td><\/tr><tr><td rowspan=\"8\" width=\"151\"><p><strong>NIEDZIELA <\/strong><\/p><p><strong>\u00a0<\/strong><\/p><\/td><td width=\"71\">8.00<\/td><td width=\"406\">+ Jan, Aniela, Janusz, Zbigniew, Teresa Wo\u0142oszyn;\u00a0 El\u017cbieta, Henryk Kwarcianych<\/td><\/tr><tr><td width=\"71\">8.00<\/td><td width=\"406\">+ Eugeniusz, Stanis\u0142awa (ona), Jaros\u0142aw, Marek, Tomasz, Rados\u0142aw Tymczak<\/td><\/tr><tr><td width=\"71\">8.00<\/td><td width=\"406\"><strong>+ Jan Po\u017aniak (<\/strong>of. chrze\u015bnicy z rodzin\u0105)<\/td><\/tr><tr><td width=\"71\">10.00<\/td><td width=\"406\">+ Leszek \u0141aszkiewicz (7r.\u015b.); Piotr, Helena, Mieczys\u0142aw Cholewi\u0144skich<\/td><\/tr><tr><td width=\"71\">10.00<\/td><td width=\"406\">Dzi\u0119kczynna w 16 rocznic\u0119 urodzin Jakuba , trzynast\u0105\u00a0 Bartosza, dziewi\u0105t\u0105\u00a0 Antoniego i pi\u0105t\u0105\u00a0 Adasia\u00a0 z pro\u015bb\u0105 o Bo\u017ce b\u0142ogos\u0142awie\u0144stwo, opiek\u0119\u00a0 Matki Naj\u015bwi\u0119tszej i potrzebne \u0142aski dla Nich i Rodziny.<\/td><\/tr><tr><td width=\"71\">10.00<\/td><td width=\"406\">O Bo\u017ce b\u0142ogos\u0142awie\u0144stwo, opiek\u0119 Matki Naj\u015bwi\u0119tszej , dobre zdanie egzamin\u00f3w\u00a0 i potrzebne \u0142aski dla Alana .<\/td><\/tr><tr><td width=\"71\">12.00<\/td><td width=\"406\">Za Parafian<\/td><\/tr><tr><td width=\"71\">12.00<\/td><td width=\"406\">+ <strong>Maria \u017buk<\/strong> (of. rodz. P\u015bnik i Smyl)<\/td><\/tr><\/tbody><\/table><p><strong>\u00a0\u00a0\u00a0\u00a0\u00a0\u00a0\u00a0\u00a0\u00a0\u00a0\u00a0<\/strong><\/p><p><strong>\u00a0<\/strong><\/p><p><strong>\u00a0<\/strong><\/p><p><strong>\u00a0<\/strong><\/p><p><strong>\u00a0\u00a0 \u00a0\u00a0\u00a0<\/strong><\/p><p><strong>\u00a0\u00a0\u00a0\u00a0\u00a0\u00a0<\/strong><\/p><p><strong>\u00a0 \u00a0 \u00a0 \u00a0 \u00a0 \u00a0\u00a0<\/strong><\/p><p><strong>\u00a0<\/strong><\/p><p><strong>\u00a0\u00a0\u00a0\u00a0\u00a0\u00a0\u00a0\u00a0\u00a0\u00a0\u00a0 <\/strong><\/p><p><strong>\u00a0<\/strong><\/p><p><strong>\u00a0\u00a0\u00a0\u00a0\u00a0\u00a0\u00a0\u00a0\u00a0\u00a0\u00a0 <\/strong><\/p><p><strong>\u00a0<\/strong><\/p><p><strong>\u00a0<\/strong><\/p><p><strong>\u00a0 \u00a0\u00a0<\/strong><\/p>\t\t\t\t\t<\/div>\n\t\t\t\t\t\t<\/div>\n\t\t\t\t<\/div>\n\t\t\t\t\t\t<\/div>\n\t\t\t\t\t<\/div>\n\t\t<\/div>\n\t\t\t\t\t\t\t\t<\/div>\n\t\t\t\t\t<\/div>\n\t\t<\/section>\n\t\t\t\t\t\t<\/div>\n\t\t\t\t\t\t<\/div>\n\t\t\t\t\t<\/div>\n\t\t","protected":false},"excerpt":{"rendered":"<p>\u00a0\u00a0\u00a0\u00a0\u00a0\u00a0\u00a0 \u00a0\u00a0\u00a0\u00a0\u00a0\u00a0INTENCJE MSZALNE OD\u00a0\u00a0 11- 17\u00a0 MAJA\u00a0 2026 \u00a0 DZIE\u0143 GODZ. W\u00a0\u00a0 JAKIEJ\u00a0\u00a0 INTENCJI PONIEDZIA\u0141EK 7.00 O Bo\u017ce b\u0142ogos\u0142awie\u0144stwo, opiek\u0119 Matki Bo\u017cej [&hellip;]<\/p>\n","protected":false},"author":5,"featured_media":0,"parent":0,"menu_order":0,"comment_status":"closed","ping_status":"closed","template":"page-templates\/page_fullwidth.php","meta":{"footnotes":""},"class_list":["post-748","page","type-page","status-publish","hentry"],"wppr_data":{"cwp_meta_box_check":"No"},"_links":{"self":[{"href":"https:\/\/parafia-klemensow.pl\/index.php\/wp-json\/wp\/v2\/pages\/748","targetHints":{"allow":["GET"]}}],"collection":[{"href":"https:\/\/parafia-klemensow.pl\/index.php\/wp-json\/wp\/v2\/pages"}],"about":[{"href":"https:\/\/parafia-klemensow.pl\/index.php\/wp-json\/wp\/v2\/types\/page"}],"author":[{"embeddable":true,"href":"https:\/\/parafia-klemensow.pl\/index.php\/wp-json\/wp\/v2\/users\/5"}],"replies":[{"embeddable":true,"href":"https:\/\/parafia-klemensow.pl\/index.php\/wp-json\/wp\/v2\/comments?post=748"}],"version-history":[{"count":1165,"href":"https:\/\/parafia-klemensow.pl\/index.php\/wp-json\/wp\/v2\/pages\/748\/revisions"}],"predecessor-version":[{"id":5705,"href":"https:\/\/parafia-klemensow.pl\/index.php\/wp-json\/wp\/v2\/pages\/748\/revisions\/5705"}],"wp:attachment":[{"href":"https:\/\/parafia-klemensow.pl\/index.php\/wp-json\/wp\/v2\/media?parent=748"}],"curies":[{"name":"wp","href":"https:\/\/api.w.org\/{rel}","templated":true}]}}